{"id":3,"date":"2021-08-12T15:23:00","date_gmt":"2021-08-12T15:23:00","guid":{"rendered":"https:\/\/santuariodosameiro.paletadeideias.com\/?page_id=3"},"modified":"2023-01-16T11:20:44","modified_gmt":"2023-01-16T11:20:44","slug":"politica-de-privacidade","status":"publish","type":"page","link":"https:\/\/santuariodosameiro.pt\/loja\/politica-de-privacidade\/","title":{"rendered":"Pol\u00edtica de privacidade"},"content":{"rendered":"<p>[vc_row][vc_column][vc_custom_heading text=&#8221;Pol\u00edtica de privacidade&#8221; font_container=&#8221;tag:h3|text_align:left&#8221; use_theme_fonts=&#8221;yes&#8221;][vc_column_text]A Confraria do Sameiro (adiante designada CONFRARIA) est\u00e1 fortemente empenhada em respeitar a privacidade dos seus clientes (adiante designados por UTILIZADOR). Por este motivo, elaborou esta Pol\u00edtica de privacidade para o informar devidamente como o s\u00edtio funciona e como a sua informa\u00e7\u00e3o pessoal \u00e9 tratada. O UTILIZADOR autoriza a CONFRARIA a tratar de forma automatizada os dados pessoais que facultar.<\/p>\n<p>Qualquer altera\u00e7\u00e3o \u00e0 nossa Pol\u00edtica de privacidade, posterior ao seu envio ativo de dados pessoais, e que coloque em causa os fins para os quais os cedeu, ser\u00e1 do conhecimento do UTILIZADOR, se para isso nos tiver disponibilizado uma forma de contato.<\/p>\n<p>Pode contactar-nos caso tenha d\u00favidas sobre este documento e\/ou sobre as nossas pr\u00e1ticas de privacidade que n\u00e3o sejam abordadas na presente &#8220;Pol\u00edtica de privacidade&#8221;, bem assim como para o exerc\u00edcio dos direitos que lhes est\u00e3o legalmente conferidos \u2013 para tal use o email <a href=\"mailto:loja@santuariodosameiro.pt\">loja@santuariodosameiro.pt<\/a>.<\/p>\n<p>Atualizado a 16 de janeiro de 2023.<\/p>\n<p>&nbsp;<\/p>\n<p><strong>INFORMA\u00c7\u00d5ES PESSOAIS RECOLHIDAS<\/strong><\/p>\n<p>Quando visita o nosso s\u00edtio e subscreve alguma das funcionalidades dispon\u00edveis, necessitamos de recolher alguns dos seus dados pessoais para lhe podermos remeter a informa\u00e7\u00e3o ou esclarecimento que nos solicitou.<\/p>\n<p>N\u00e3o recolhemos informa\u00e7\u00e3o pessoal que o possa identificar ou que diga respeito a elementos pessoais seus, sem o seu consentimento. Podemos, deste modo, recolher e guardar informa\u00e7\u00e3o que voluntariamente decidiu fornecer-nos, incluindo, mas n\u00e3o limitando, informa\u00e7\u00e3o pessoal individualizada, como o seu nome, email, morada e n\u00famero de telefone por ex.<\/p>\n<p>O uso da p\u00e1gina \u201cContactos\u201d pode requerer informa\u00e7\u00f5es relativas \u00e0 sua localiza\u00e7\u00e3o, tais como coordenadas GPS ou localiza\u00e7\u00e3o mediante o IP. Ao utilizar este servi\u00e7o, est\u00e1 a autorizar-nos a recolher estas informa\u00e7\u00f5es.<\/p>\n<p>Caso seja necess\u00e1rio que nos providencie informa\u00e7\u00e3o pessoal para aceder a algum tipo de funcionalidades, ser\u00e1 expressamente informado de como essa informa\u00e7\u00e3o ser\u00e1 utilizada.<\/p>\n<p>&nbsp;<\/p>\n<p><strong>Tratamento dos dados<\/strong><\/p>\n<p>A CONFRARIA procede \u00e0 recolha e tratamento de dados pessoais dos seus visitantes, tais como: nome e apelido, morada, contato telef\u00f3nico, email, NIF, morada completa.<\/p>\n<p>O tratamento inform\u00e1tico dos dados recolhidos \u00e9 feito no cumprimento da legisla\u00e7\u00e3o sobre a prote\u00e7\u00e3o de dados e os mesmos destinam-se apenas ao envio de encomendas, respetivo apoio administrativo, dever de arquivo para cumprimento da legisla\u00e7\u00e3o aplic\u00e1vel a documentos contabil\u00edsticos, estat\u00edsticas e envio de newsletters, cat\u00e1logos ou vales\/vouchers por parte da CONFRARIA.<\/p>\n<p>Os dados objeto de recolha n\u00e3o ser\u00e3o comunicados a entidades terceiras para fins de marketing direto.<\/p>\n<p>De acordo com o Regulamento (EU) 2016\/679 do Parlamento Europeu e do Conselho, de 27 de abril de 2016, qualquer visitante deste s\u00edtio tem o direito de:<br \/>\n\u2013 a qualquer momento, retirar ou alterar o consentimento prestado \u00e0 CONFRARIA para o tratamento dos seus dados pessoais, com efeitos para o futuro<br \/>\n\u2013 ap\u00f3s a retirada do consentimento prestado \u00e0 CONFRARIA, deixar de ser contactado para efeito de comunica\u00e7\u00f5es promocionais, de marketing e\/ou publicit\u00e1rias<br \/>\n\u2013 solicitar informa\u00e7\u00e3o acerca dos seus dados pessoais, a qualquer momento<br \/>\n\u2013 solicitar a corre\u00e7\u00e3o de qualquer dos seus dados pessoais fornecidos<br \/>\n\u2013 solicitar a portabilidade dos mesmos, para a entidade que para esse efeito indicar<br \/>\n\u2013 solicitar a limita\u00e7\u00e3o de tratamento, apagamento ou mascaramento dos seus dados pessoais, e que n\u00e3o sejam necess\u00e1rios para o cumprimento de quaisquer obriga\u00e7\u00f5es legais da CONFRARIA, nomeadamente para efeitos de seguran\u00e7a e\/ou garantia legal ou contratual<br \/>\n\u2013 ser informado pela CONFRARIA, caso esta, eventualmente, tiver a inten\u00e7\u00e3o de proceder ao tratamento dos seus dados pessoais para outros fins que n\u00e3o, os que, pelo presente, concede o seu consentimento<\/p>\n<p>Na rede Internet, apesar de serem tomadas por n\u00f3s todas as precau\u00e7\u00f5es relativamente \u00e0 prote\u00e7\u00e3o dos dados dos nossos UTILIZADORES, a CONFRARIA n\u00e3o poder\u00e1 ser responsabilizada pelo seu uso indevido por terceiros n\u00e3o autorizados.<\/p>\n<p>A CONFRARIA conservar\u00e1 os dados pessoais dos seus visitantes pelo per\u00edodo necess\u00e1rio \u00e0 realiza\u00e7\u00e3o dos contactos e cumprimento das obriga\u00e7\u00f5es legais.<\/p>\n<p>O UTILIZADOR concorda que os conte\u00fados que fornece ao efetuar o registo neste s\u00edtio n\u00e3o s\u00e3o enganosos e s\u00e3o verdadeiros, exatos e completos em todos os aspetos e que informar\u00e1 a CONFRARIA, ou atualizar\u00e1 os seus dados, na sua \u00e1rea reservada privada, sempre que haja lugar a necessidade de atualiza\u00e7\u00e3o dos mesmos.<\/p>\n<p>Sempre que se justifique, a CONFRARIA poder\u00e1 recorrer a subcontratantes, entendendo-se, como tal, as pessoas singulares (seus colaboradores) ou pessoas coletivas (empresa de gest\u00e3o e manuten\u00e7\u00e3o do s\u00edtio e servi\u00e7os de marketing digital ou outras que sejam tidas como convenientes a cada momento) que tratem dados pessoais por sua conta, facto para o qual o UTILIZADOR d\u00e1, desde j\u00e1, o seu expresso consentimento. Em todo o caso, a CONFRARIA pugnar\u00e1 pela implementa\u00e7\u00e3o de todas as medidas t\u00e9cnicas e organizativas adequadas \u00e0 prote\u00e7\u00e3o dos dados pessoais nesses subcontratantes, de modo a assegurarem a defesa dos direitos e interesses dos respetivos titulares.<\/p>\n<p>&nbsp;<\/p>\n<p><strong>Direitos do UTILIZADOR<\/strong><\/p>\n<p>O UTILIZADOR poder\u00e1 aceder e modificar os seus dados a qualquer momento dirigindo-se \u00e0 \u00e1rea reservada do s\u00edtio.<\/p>\n<p>\u00c9 garantido aos utilizadores deste s\u00edtio o direito de acesso, retifica\u00e7\u00e3o, retirada de consentimento, oposi\u00e7\u00e3o ao tratamento para os fins anteriormente definidos, apagamento, limita\u00e7\u00e3o e portabilidade dos dados pessoais que tiverem transmitido. Para tal, basta enviarem um email com esse pedido para loja@santuariodosameiro.pt.<\/p>\n<p>O titular dos dados pessoais \u00e9 tamb\u00e9m plena e claramente informado que poder\u00e1 apresentar qualquer reclama\u00e7\u00e3o, quanto \u00e0 viola\u00e7\u00e3o dos seus direitos, junto da Comiss\u00e3o Nacional de Prote\u00e7\u00e3o de Dados.<\/p>\n<p>&nbsp;<\/p>\n<p><strong>Conserva\u00e7\u00e3o de informa\u00e7\u00e3o pessoal<\/strong><\/p>\n<p>Ap\u00f3s a recolha de informa\u00e7\u00e3o pessoal individualizada que voluntariamente nos transmitiu, o Santu\u00e1rio do Sameiro proceder\u00e1 \u00e0 sua conserva\u00e7\u00e3o e manuten\u00e7\u00e3o durante todo o per\u00edodo de tempo em que se mantiver ativa a inscri\u00e7\u00e3o do UTILIZADOR neste s\u00edtio, at\u00e9 instru\u00e7\u00f5es suas em contr\u00e1rio, ou at\u00e9 que a lei exija a respetiva elimina\u00e7\u00e3o. A conserva\u00e7\u00e3o dessa informa\u00e7\u00e3o permite que o Santu\u00e1rio do Sameiro continue a fornecer-lhe servi\u00e7os personalizados sem interrup\u00e7\u00e3o.<\/p>\n<p>O crit\u00e9rio para a dura\u00e7\u00e3o do armazenamento dos dados pessoais \u00e9 o respetivo per\u00edodo legal de conserva\u00e7\u00e3o. Ap\u00f3s o t\u00e9rmino do prazo, os dados correspondentes ser\u00e3o exclu\u00eddos rotineiramente, desde que n\u00e3o sejam mais necess\u00e1rios para o cumprimento do contrato ou para iniciar um novo contrato.<\/p>\n<p>Qualquer utilizador poder\u00e1 livremente optar por fornecer, ou n\u00e3o, qualquer informa\u00e7\u00e3o pessoal individualizada. Nestes termos, caso n\u00e3o queira receber comunica\u00e7\u00f5es da parte da CONFRARIA, mesmo depois de nos ter fornecido os seus dados, pode cancelar essa autoriza\u00e7\u00e3o na sua \u00e1rea privada respetiva ou enviar-nos um email com essa pretens\u00e3o para loja@santuariodosameiro.pt.<\/p>\n<p>O exerc\u00edcio dos direitos aqui mencionados, pedidos de esclarecimento ou obten\u00e7\u00e3o de informa\u00e7\u00e3o complementar, poder\u00e1 ser realizado atrav\u00e9s do email loja@santuariodosameiro.pt ou por carta endere\u00e7ada ao Encarregado de Prote\u00e7\u00e3o de Dados para a seguinte morada: Confraria do Sameiro, Avenida de Nossa Senhora do Sameiro, 46, 4715-616 Braga, Portugal.<\/p>\n<p>&nbsp;<\/p>\n<p><strong>POL\u00cdTICA DE COOKIES<\/strong><\/p>\n<p>Usamos <em>cookies<\/em> no nosso website para melhorar o desempenho e para proporcionar ao UTILIZADOR uma experi\u00eancia melhor, mais r\u00e1pida e mais segura.<\/p>\n<p>&nbsp;<\/p>\n<p><strong>O que s\u00e3o e para que servem os <em>cookies<\/em>?<\/strong><\/p>\n<p>\u201cCookies\u201d s\u00e3o pequenos ficheiros de texto que s\u00e3o armazenados no seu computador ou no seu dispositivo m\u00f3vel atrav\u00e9s do navegador de internet (<em>browser<\/em>), retendo apenas informa\u00e7\u00e3o relacionada com as suas prefer\u00eancias (de marketing, de desempenho e funcionais), n\u00e3o incluindo, como tal, os seus dados pessoais. A coloca\u00e7\u00e3o de <em>cookies<\/em> ajuda este s\u00edtio a reconhecer o seu dispositivo e as suas prefer\u00eancias na pr\u00f3xima vez que o UTILIZADOR o visita. Usamos o termo &#8220;cookies&#8221; nesta pol\u00edtica para referir todos os ficheiros que recolhem informa\u00e7\u00f5es desta forma.<\/p>\n<p>Os <em>cookies<\/em> utilizados n\u00e3o recolhem informa\u00e7\u00e3o que identifica o utilizador. Os <em>cookies<\/em> recolhem informa\u00e7\u00f5es gen\u00e9ricas, designadamente a forma como os utilizadores chegam e utilizam este s\u00edtio ou a zona do pa\u00eds\/pa\u00edses atrav\u00e9s do qual acedem ao website, etc.<\/p>\n<p>Os<em> cookies<\/em> servem ainda para ajudar a determinar a utilidade, interesse e o n\u00famero de utiliza\u00e7\u00f5es neste s\u00edtio, permitindo uma navega\u00e7\u00e3o mais r\u00e1pida e eficiente, eliminando a necessidade de introduzir repetidamente as mesmas informa\u00e7\u00f5es.<\/p>\n<p>&nbsp;<\/p>\n<p><strong>Quais s\u00e3o os cookies que utilizamos?<\/strong><\/p>\n<p>Atualmente, este s\u00edtio utiliza:<\/p>\n<p>\u2013 <em>cookies<\/em> essenciais, pr\u00f3prios e de terceiros, imprescind\u00edveis para o bom funcionamento do site e, portanto, obrigat\u00f3rios<br \/>\n\u2013 <em>cookies<\/em> de desempenho e personaliza\u00e7\u00e3o que analisam e melhoram a experi\u00eancia de navega\u00e7\u00e3o neste s\u00edtio e permitem apresentar conte\u00fados e\/ou publicidade relevante para si<\/p>\n<p>&nbsp;<\/p>\n<p><strong>Como pode gerir os cookies?<\/strong><\/p>\n<p>Todos os navegadores de internet (<em>browsers<\/em>) permitem ao utilizador aceitar, recusar ou apagar cookies, nomeadamente atrav\u00e9s da selec\u00e7\u00e3o das defini\u00e7\u00f5es apropriadas no respetivo navegador de internet (<em>browser<\/em>).<\/p>\n<p>O UTILIZADOR pode autorizar ou rejeitar os v\u00e1rios <em>cookies<\/em> a qualquer momento e de acordo com as suas prefer\u00eancias. Para isso, basta aceder ao menu de configura\u00e7\u00e3o, aqui.<\/p>\n<p>A recusa de uso de <em>cookies<\/em> no nosso s\u00edtio pode resultar na impossibilidade de ter acesso a algumas das suas \u00e1reas ou de receber informa\u00e7\u00e3o personalizada.<\/p>\n<p>&nbsp;<\/p>\n<p><strong>HIPERLINKS<\/strong><\/p>\n<p>Para facilitar a sua acessibilidade, a CONFRARIA pode incluir links para outros sites na internet. Quando utilizar os links para esses sites, dever\u00e1 rever e aceitar as regras desses sites antes de os utilizar. N\u00e3o nos \u00e9 poss\u00edvel garantir a qualidade dos mesmos, nem assumimos qualquer responsabilidade pelo conte\u00fado ou demais funcionalidades desses outros sites.[\/vc_column_text][\/vc_column][\/vc_row]<\/p>\n","protected":false},"excerpt":{"rendered":"<p>[vc_row][vc_column][vc_custom_heading text=&#8221;Pol\u00edtica de privacidade&#8221; font_container=&#8221;tag:h3|text_align:left&#8221; use_theme_fonts=&#8221;yes&#8221;][vc_column_text]A Confraria do Sameiro (adiante designada CONFRARIA) est\u00e1 fortemente empenhada em respeitar a privacidade dos seus clientes (adiante designados por UTILIZADOR). Por este motivo, elaborou esta Pol\u00edtica de privacidade para o informar devidamente como o s\u00edtio funciona e como a sua informa\u00e7\u00e3o pessoal \u00e9 tratada. O UTILIZADOR autoriza a CONFRARIA [&hellip;]<\/p>\n","protected":false},"author":1,"featured_media":0,"parent":0,"menu_order":0,"comment_status":"closed","ping_status":"open","template":"","meta":{"om_disable_all_campaigns":false,"_monsterinsights_skip_tracking":false,"_monsterinsights_sitenote_active":false,"_monsterinsights_sitenote_note":"","_monsterinsights_sitenote_category":0,"footnotes":""},"class_list":["post-3","page","type-page","status-publish","hentry"],"aioseo_notices":[],"yoast_head":"<!-- This site is optimized with the Yoast SEO plugin v27.5 - https:\/\/yoast.com\/product\/yoast-seo-wordpress\/ -->\n<title>Pol\u00edtica de privacidade - Loja oficial do Santu\u00e1rio do Sameiro<\/title>\n<meta name=\"robots\" content=\"index, follow, max-snippet:-1, max-image-preview:large, max-video-preview:-1\" \/>\n<link rel=\"canonical\" href=\"https:\/\/santuariodosameiro.pt\/loja\/politica-de-privacidade\/\" \/>\n<meta property=\"og:locale\" content=\"pt_PT\" \/>\n<meta property=\"og:type\" content=\"article\" \/>\n<meta property=\"og:title\" content=\"Pol\u00edtica de privacidade - Loja oficial do Santu\u00e1rio do Sameiro\" \/>\n<meta property=\"og:description\" content=\"[vc_row][vc_column][vc_custom_heading text=&#8221;Pol\u00edtica de privacidade&#8221; font_container=&#8221;tag:h3|text_align:left&#8221; use_theme_fonts=&#8221;yes&#8221;][vc_column_text]A Confraria do Sameiro (adiante designada CONFRARIA) est\u00e1 fortemente empenhada em respeitar a privacidade dos seus clientes (adiante designados por UTILIZADOR). Por este motivo, elaborou esta Pol\u00edtica de privacidade para o informar devidamente como o s\u00edtio funciona e como a sua informa\u00e7\u00e3o pessoal \u00e9 tratada. O UTILIZADOR autoriza a CONFRARIA [&hellip;]\" \/>\n<meta property=\"og:url\" content=\"https:\/\/santuariodosameiro.pt\/loja\/politica-de-privacidade\/\" \/>\n<meta property=\"og:site_name\" content=\"Loja oficial do Santu\u00e1rio do Sameiro\" \/>\n<meta property=\"article:modified_time\" content=\"2023-01-16T11:20:44+00:00\" \/>\n<meta name=\"twitter:card\" content=\"summary_large_image\" \/>\n<meta name=\"twitter:label1\" content=\"Tempo estimado de leitura\" \/>\n\t<meta name=\"twitter:data1\" content=\"9 minutos\" \/>\n<script type=\"application\/ld+json\" class=\"yoast-schema-graph\">{\"@context\":\"https:\\\/\\\/schema.org\",\"@graph\":[{\"@type\":\"WebPage\",\"@id\":\"https:\\\/\\\/santuariodosameiro.pt\\\/loja\\\/politica-de-privacidade\\\/\",\"url\":\"https:\\\/\\\/santuariodosameiro.pt\\\/loja\\\/politica-de-privacidade\\\/\",\"name\":\"Pol\u00edtica de privacidade - Loja oficial do Santu\u00e1rio do Sameiro\",\"isPartOf\":{\"@id\":\"https:\\\/\\\/santuariodosameiro.pt\\\/loja\\\/#website\"},\"datePublished\":\"2021-08-12T15:23:00+00:00\",\"dateModified\":\"2023-01-16T11:20:44+00:00\",\"breadcrumb\":{\"@id\":\"https:\\\/\\\/santuariodosameiro.pt\\\/loja\\\/politica-de-privacidade\\\/#breadcrumb\"},\"inLanguage\":\"pt-PT\",\"potentialAction\":[{\"@type\":\"ReadAction\",\"target\":[\"https:\\\/\\\/santuariodosameiro.pt\\\/loja\\\/politica-de-privacidade\\\/\"]}]},{\"@type\":\"BreadcrumbList\",\"@id\":\"https:\\\/\\\/santuariodosameiro.pt\\\/loja\\\/politica-de-privacidade\\\/#breadcrumb\",\"itemListElement\":[{\"@type\":\"ListItem\",\"position\":1,\"name\":\"In\u00edcio\",\"item\":\"https:\\\/\\\/santuariodosameiro.pt\\\/loja\\\/\"},{\"@type\":\"ListItem\",\"position\":2,\"name\":\"Pol\u00edtica de privacidade\"}]},{\"@type\":\"WebSite\",\"@id\":\"https:\\\/\\\/santuariodosameiro.pt\\\/loja\\\/#website\",\"url\":\"https:\\\/\\\/santuariodosameiro.pt\\\/loja\\\/\",\"name\":\"Loja oficial do Santu\u00e1rio do Sameiro\",\"description\":\"Recorda\u00e7\u00f5es com imagem de Nossa Senhora do Sameiro e do Santu\u00e1rio do Sameiro.\",\"potentialAction\":[{\"@type\":\"SearchAction\",\"target\":{\"@type\":\"EntryPoint\",\"urlTemplate\":\"https:\\\/\\\/santuariodosameiro.pt\\\/loja\\\/?s={search_term_string}\"},\"query-input\":{\"@type\":\"PropertyValueSpecification\",\"valueRequired\":true,\"valueName\":\"search_term_string\"}}],\"inLanguage\":\"pt-PT\"}]}<\/script>\n<!-- \/ Yoast SEO plugin. -->","yoast_head_json":{"title":"Pol\u00edtica de privacidade - Loja oficial do Santu\u00e1rio do Sameiro","robots":{"index":"index","follow":"follow","max-snippet":"max-snippet:-1","max-image-preview":"max-image-preview:large","max-video-preview":"max-video-preview:-1"},"canonical":"https:\/\/santuariodosameiro.pt\/loja\/politica-de-privacidade\/","og_locale":"pt_PT","og_type":"article","og_title":"Pol\u00edtica de privacidade - Loja oficial do Santu\u00e1rio do Sameiro","og_description":"[vc_row][vc_column][vc_custom_heading text=&#8221;Pol\u00edtica de privacidade&#8221; font_container=&#8221;tag:h3|text_align:left&#8221; use_theme_fonts=&#8221;yes&#8221;][vc_column_text]A Confraria do Sameiro (adiante designada CONFRARIA) est\u00e1 fortemente empenhada em respeitar a privacidade dos seus clientes (adiante designados por UTILIZADOR). Por este motivo, elaborou esta Pol\u00edtica de privacidade para o informar devidamente como o s\u00edtio funciona e como a sua informa\u00e7\u00e3o pessoal \u00e9 tratada. O UTILIZADOR autoriza a CONFRARIA [&hellip;]","og_url":"https:\/\/santuariodosameiro.pt\/loja\/politica-de-privacidade\/","og_site_name":"Loja oficial do Santu\u00e1rio do Sameiro","article_modified_time":"2023-01-16T11:20:44+00:00","twitter_card":"summary_large_image","twitter_misc":{"Tempo estimado de leitura":"9 minutos"},"schema":{"@context":"https:\/\/schema.org","@graph":[{"@type":"WebPage","@id":"https:\/\/santuariodosameiro.pt\/loja\/politica-de-privacidade\/","url":"https:\/\/santuariodosameiro.pt\/loja\/politica-de-privacidade\/","name":"Pol\u00edtica de privacidade - Loja oficial do Santu\u00e1rio do Sameiro","isPartOf":{"@id":"https:\/\/santuariodosameiro.pt\/loja\/#website"},"datePublished":"2021-08-12T15:23:00+00:00","dateModified":"2023-01-16T11:20:44+00:00","breadcrumb":{"@id":"https:\/\/santuariodosameiro.pt\/loja\/politica-de-privacidade\/#breadcrumb"},"inLanguage":"pt-PT","potentialAction":[{"@type":"ReadAction","target":["https:\/\/santuariodosameiro.pt\/loja\/politica-de-privacidade\/"]}]},{"@type":"BreadcrumbList","@id":"https:\/\/santuariodosameiro.pt\/loja\/politica-de-privacidade\/#breadcrumb","itemListElement":[{"@type":"ListItem","position":1,"name":"In\u00edcio","item":"https:\/\/santuariodosameiro.pt\/loja\/"},{"@type":"ListItem","position":2,"name":"Pol\u00edtica de privacidade"}]},{"@type":"WebSite","@id":"https:\/\/santuariodosameiro.pt\/loja\/#website","url":"https:\/\/santuariodosameiro.pt\/loja\/","name":"Loja oficial do Santu\u00e1rio do Sameiro","description":"Recorda\u00e7\u00f5es com imagem de Nossa Senhora do Sameiro e do Santu\u00e1rio do Sameiro.","potentialAction":[{"@type":"SearchAction","target":{"@type":"EntryPoint","urlTemplate":"https:\/\/santuariodosameiro.pt\/loja\/?s={search_term_string}"},"query-input":{"@type":"PropertyValueSpecification","valueRequired":true,"valueName":"search_term_string"}}],"inLanguage":"pt-PT"}]}},"jetpack-related-posts":[],"jetpack_sharing_enabled":true,"_links":{"self":[{"href":"https:\/\/santuariodosameiro.pt\/loja\/wp-json\/wp\/v2\/pages\/3","targetHints":{"allow":["GET"]}}],"collection":[{"href":"https:\/\/santuariodosameiro.pt\/loja\/wp-json\/wp\/v2\/pages"}],"about":[{"href":"https:\/\/santuariodosameiro.pt\/loja\/wp-json\/wp\/v2\/types\/page"}],"author":[{"embeddable":true,"href":"https:\/\/santuariodosameiro.pt\/loja\/wp-json\/wp\/v2\/users\/1"}],"replies":[{"embeddable":true,"href":"https:\/\/santuariodosameiro.pt\/loja\/wp-json\/wp\/v2\/comments?post=3"}],"version-history":[{"count":11,"href":"https:\/\/santuariodosameiro.pt\/loja\/wp-json\/wp\/v2\/pages\/3\/revisions"}],"predecessor-version":[{"id":20901,"href":"https:\/\/santuariodosameiro.pt\/loja\/wp-json\/wp\/v2\/pages\/3\/revisions\/20901"}],"wp:attachment":[{"href":"https:\/\/santuariodosameiro.pt\/loja\/wp-json\/wp\/v2\/media?parent=3"}],"curies":[{"name":"wp","href":"https:\/\/api.w.org\/{rel}","templated":true}]}}