{"id":18217,"date":"2022-11-17T16:42:35","date_gmt":"2022-11-17T16:42:35","guid":{"rendered":"https:\/\/santuario2.paletadeideias.com\/lojaonline\/?post_type=product&#038;p=18217"},"modified":"2025-06-12T11:13:08","modified_gmt":"2025-06-12T11:13:08","slug":"bone-sameiro-com-cores-variadas","status":"publish","type":"product","link":"https:\/\/santuariodosameiro.pt\/loja\/produto\/vestuario\/bones-e-gorros\/bone-sameiro-com-cores-variadas\/","title":{"rendered":"Bon\u00e9 &#8220;sameiro&#8221; com cores variadas"},"content":{"rendered":"<p>Bon\u00e9 com pala com fecho em velcro, com s\u00edmbolo da Coroa da Nossa Senhora do Sameiro,100% de Algod\u00e3o. Ideal para os dias quentes de ver\u00e3o.<\/p>\n<p>Cores dispon\u00edveis: Beje e Branco.<\/p>\n<p>&nbsp;<\/p>\n","protected":false},"excerpt":{"rendered":"<p>Bon\u00e9 com pala com fecho em velcro, com s\u00edmbolo da Coroa da Nossa Senhora do Sameiro,100% de Algod\u00e3o. Ideal para os dias quentes de ver\u00e3o. Cores dispon\u00edveis: Beje e Branco. &nbsp;<\/p>\n","protected":false},"featured_media":19793,"template":"","meta":{"om_disable_all_campaigns":false,"_monsterinsights_skip_tracking":false,"_monsterinsights_sitenote_active":false,"_monsterinsights_sitenote_note":"","_monsterinsights_sitenote_category":0},"product_brand":[],"product_cat":[184,182],"product_tag":[],"class_list":{"0":"post-18217","1":"product","2":"type-product","3":"status-publish","4":"has-post-thumbnail","6":"product_cat-bones-e-gorros","7":"product_cat-vestuario","8":"tm-no-options","10":"first","11":"instock","12":"taxable","13":"shipping-taxable","14":"purchasable","15":"product-type-variable"},"aioseo_notices":[],"yoast_head":"<!-- This site is optimized with the Yoast SEO plugin v27.5 - https:\/\/yoast.com\/product\/yoast-seo-wordpress\/ -->\n<title>Bon\u00e9 &quot;sameiro&quot; com cores variadas<\/title>\n<meta name=\"robots\" content=\"index, follow, max-snippet:-1, max-image-preview:large, max-video-preview:-1\" \/>\n<link rel=\"canonical\" href=\"https:\/\/santuariodosameiro.pt\/loja\/produto\/vestuario\/bones-e-gorros\/bone-sameiro-com-cores-variadas\/\" \/>\n<meta property=\"og:locale\" content=\"pt_PT\" \/>\n<meta property=\"og:type\" content=\"article\" \/>\n<meta property=\"og:title\" content=\"Bon\u00e9 &quot;sameiro&quot; com cores variadas\" \/>\n<meta property=\"og:description\" content=\"Bon\u00e9 com pala com fecho em velcro, com s\u00edmbolo da Coroa da Nossa Senhora do Sameiro,100% de Algod\u00e3o. Ideal para os dias quentes de ver\u00e3o. Cores dispon\u00edveis: Beje e Branco. &nbsp;\" \/>\n<meta property=\"og:url\" content=\"https:\/\/santuariodosameiro.pt\/loja\/produto\/vestuario\/bones-e-gorros\/bone-sameiro-com-cores-variadas\/\" \/>\n<meta property=\"og:site_name\" content=\"Loja oficial do Santu\u00e1rio do Sameiro\" \/>\n<meta property=\"article:modified_time\" content=\"2025-06-12T11:13:08+00:00\" \/>\n<meta property=\"og:image\" content=\"https:\/\/santuariodosameiro.pt\/loja\/wp-content\/uploads\/2022\/11\/008-003-529-VESNON-Bone-branco-Sameiro-cores-variadas-Santuario-do-Sameiro-Braga-Portugal-1.jpg-1-scaled.jpg\" \/>\n\t<meta property=\"og:image:width\" content=\"2560\" \/>\n\t<meta property=\"og:image:height\" content=\"2560\" \/>\n\t<meta property=\"og:image:type\" content=\"image\/jpeg\" \/>\n<meta name=\"twitter:card\" content=\"summary_large_image\" \/>\n<meta name=\"twitter:label1\" content=\"Tempo estimado de leitura\" \/>\n\t<meta name=\"twitter:data1\" content=\"1 minuto\" \/>\n<script type=\"application\/ld+json\" class=\"yoast-schema-graph\">{\"@context\":\"https:\\\/\\\/schema.org\",\"@graph\":[{\"@type\":\"WebPage\",\"@id\":\"https:\\\/\\\/santuariodosameiro.pt\\\/loja\\\/produto\\\/vestuario\\\/bones-e-gorros\\\/bone-sameiro-com-cores-variadas\\\/\",\"url\":\"https:\\\/\\\/santuariodosameiro.pt\\\/loja\\\/produto\\\/vestuario\\\/bones-e-gorros\\\/bone-sameiro-com-cores-variadas\\\/\",\"name\":\"Bon\u00e9 \\\"sameiro\\\" com cores variadas\",\"isPartOf\":{\"@id\":\"https:\\\/\\\/santuariodosameiro.pt\\\/loja\\\/#website\"},\"primaryImageOfPage\":{\"@id\":\"https:\\\/\\\/santuariodosameiro.pt\\\/loja\\\/produto\\\/vestuario\\\/bones-e-gorros\\\/bone-sameiro-com-cores-variadas\\\/#primaryimage\"},\"image\":{\"@id\":\"https:\\\/\\\/santuariodosameiro.pt\\\/loja\\\/produto\\\/vestuario\\\/bones-e-gorros\\\/bone-sameiro-com-cores-variadas\\\/#primaryimage\"},\"thumbnailUrl\":\"https:\\\/\\\/santuariodosameiro.pt\\\/loja\\\/wp-content\\\/uploads\\\/2022\\\/11\\\/008-003-529-VESNON-Bone-branco-Sameiro-cores-variadas-Santuario-do-Sameiro-Braga-Portugal-1.jpg-1-scaled.jpg\",\"datePublished\":\"2022-11-17T16:42:35+00:00\",\"dateModified\":\"2025-06-12T11:13:08+00:00\",\"breadcrumb\":{\"@id\":\"https:\\\/\\\/santuariodosameiro.pt\\\/loja\\\/produto\\\/vestuario\\\/bones-e-gorros\\\/bone-sameiro-com-cores-variadas\\\/#breadcrumb\"},\"inLanguage\":\"pt-PT\",\"potentialAction\":[{\"@type\":\"ReadAction\",\"target\":[\"https:\\\/\\\/santuariodosameiro.pt\\\/loja\\\/produto\\\/vestuario\\\/bones-e-gorros\\\/bone-sameiro-com-cores-variadas\\\/\"]}]},{\"@type\":\"ImageObject\",\"inLanguage\":\"pt-PT\",\"@id\":\"https:\\\/\\\/santuariodosameiro.pt\\\/loja\\\/produto\\\/vestuario\\\/bones-e-gorros\\\/bone-sameiro-com-cores-variadas\\\/#primaryimage\",\"url\":\"https:\\\/\\\/santuariodosameiro.pt\\\/loja\\\/wp-content\\\/uploads\\\/2022\\\/11\\\/008-003-529-VESNON-Bone-branco-Sameiro-cores-variadas-Santuario-do-Sameiro-Braga-Portugal-1.jpg-1-scaled.jpg\",\"contentUrl\":\"https:\\\/\\\/santuariodosameiro.pt\\\/loja\\\/wp-content\\\/uploads\\\/2022\\\/11\\\/008-003-529-VESNON-Bone-branco-Sameiro-cores-variadas-Santuario-do-Sameiro-Braga-Portugal-1.jpg-1-scaled.jpg\",\"width\":2560,\"height\":2560},{\"@type\":\"BreadcrumbList\",\"@id\":\"https:\\\/\\\/santuariodosameiro.pt\\\/loja\\\/produto\\\/vestuario\\\/bones-e-gorros\\\/bone-sameiro-com-cores-variadas\\\/#breadcrumb\",\"itemListElement\":[{\"@type\":\"ListItem\",\"position\":1,\"name\":\"In\u00edcio\",\"item\":\"https:\\\/\\\/santuariodosameiro.pt\\\/loja\\\/\"},{\"@type\":\"ListItem\",\"position\":2,\"name\":\"Loja\",\"item\":\"https:\\\/\\\/santuariodosameiro.pt\\\/loja\\\/loja\\\/\"},{\"@type\":\"ListItem\",\"position\":3,\"name\":\"Bon\u00e9 &#8220;sameiro&#8221; com cores variadas\"}]},{\"@type\":\"WebSite\",\"@id\":\"https:\\\/\\\/santuariodosameiro.pt\\\/loja\\\/#website\",\"url\":\"https:\\\/\\\/santuariodosameiro.pt\\\/loja\\\/\",\"name\":\"Loja oficial do Santu\u00e1rio do Sameiro\",\"description\":\"Recorda\u00e7\u00f5es com imagem de Nossa Senhora do Sameiro e do Santu\u00e1rio do Sameiro.\",\"potentialAction\":[{\"@type\":\"SearchAction\",\"target\":{\"@type\":\"EntryPoint\",\"urlTemplate\":\"https:\\\/\\\/santuariodosameiro.pt\\\/loja\\\/?s={search_term_string}\"},\"query-input\":{\"@type\":\"PropertyValueSpecification\",\"valueRequired\":true,\"valueName\":\"search_term_string\"}}],\"inLanguage\":\"pt-PT\"}]}<\/script>\n<!-- \/ Yoast SEO plugin. -->","yoast_head_json":{"title":"Bon\u00e9 \"sameiro\" com cores variadas","robots":{"index":"index","follow":"follow","max-snippet":"max-snippet:-1","max-image-preview":"max-image-preview:large","max-video-preview":"max-video-preview:-1"},"canonical":"https:\/\/santuariodosameiro.pt\/loja\/produto\/vestuario\/bones-e-gorros\/bone-sameiro-com-cores-variadas\/","og_locale":"pt_PT","og_type":"article","og_title":"Bon\u00e9 \"sameiro\" com cores variadas","og_description":"Bon\u00e9 com pala com fecho em velcro, com s\u00edmbolo da Coroa da Nossa Senhora do Sameiro,100% de Algod\u00e3o. Ideal para os dias quentes de ver\u00e3o. Cores dispon\u00edveis: Beje e Branco. &nbsp;","og_url":"https:\/\/santuariodosameiro.pt\/loja\/produto\/vestuario\/bones-e-gorros\/bone-sameiro-com-cores-variadas\/","og_site_name":"Loja oficial do Santu\u00e1rio do Sameiro","article_modified_time":"2025-06-12T11:13:08+00:00","og_image":[{"width":2560,"height":2560,"url":"https:\/\/santuariodosameiro.pt\/loja\/wp-content\/uploads\/2022\/11\/008-003-529-VESNON-Bone-branco-Sameiro-cores-variadas-Santuario-do-Sameiro-Braga-Portugal-1.jpg-1-scaled.jpg","type":"image\/jpeg"}],"twitter_card":"summary_large_image","twitter_misc":{"Tempo estimado de leitura":"1 minuto"},"schema":{"@context":"https:\/\/schema.org","@graph":[{"@type":"WebPage","@id":"https:\/\/santuariodosameiro.pt\/loja\/produto\/vestuario\/bones-e-gorros\/bone-sameiro-com-cores-variadas\/","url":"https:\/\/santuariodosameiro.pt\/loja\/produto\/vestuario\/bones-e-gorros\/bone-sameiro-com-cores-variadas\/","name":"Bon\u00e9 \"sameiro\" com cores variadas","isPartOf":{"@id":"https:\/\/santuariodosameiro.pt\/loja\/#website"},"primaryImageOfPage":{"@id":"https:\/\/santuariodosameiro.pt\/loja\/produto\/vestuario\/bones-e-gorros\/bone-sameiro-com-cores-variadas\/#primaryimage"},"image":{"@id":"https:\/\/santuariodosameiro.pt\/loja\/produto\/vestuario\/bones-e-gorros\/bone-sameiro-com-cores-variadas\/#primaryimage"},"thumbnailUrl":"https:\/\/santuariodosameiro.pt\/loja\/wp-content\/uploads\/2022\/11\/008-003-529-VESNON-Bone-branco-Sameiro-cores-variadas-Santuario-do-Sameiro-Braga-Portugal-1.jpg-1-scaled.jpg","datePublished":"2022-11-17T16:42:35+00:00","dateModified":"2025-06-12T11:13:08+00:00","breadcrumb":{"@id":"https:\/\/santuariodosameiro.pt\/loja\/produto\/vestuario\/bones-e-gorros\/bone-sameiro-com-cores-variadas\/#breadcrumb"},"inLanguage":"pt-PT","potentialAction":[{"@type":"ReadAction","target":["https:\/\/santuariodosameiro.pt\/loja\/produto\/vestuario\/bones-e-gorros\/bone-sameiro-com-cores-variadas\/"]}]},{"@type":"ImageObject","inLanguage":"pt-PT","@id":"https:\/\/santuariodosameiro.pt\/loja\/produto\/vestuario\/bones-e-gorros\/bone-sameiro-com-cores-variadas\/#primaryimage","url":"https:\/\/santuariodosameiro.pt\/loja\/wp-content\/uploads\/2022\/11\/008-003-529-VESNON-Bone-branco-Sameiro-cores-variadas-Santuario-do-Sameiro-Braga-Portugal-1.jpg-1-scaled.jpg","contentUrl":"https:\/\/santuariodosameiro.pt\/loja\/wp-content\/uploads\/2022\/11\/008-003-529-VESNON-Bone-branco-Sameiro-cores-variadas-Santuario-do-Sameiro-Braga-Portugal-1.jpg-1-scaled.jpg","width":2560,"height":2560},{"@type":"BreadcrumbList","@id":"https:\/\/santuariodosameiro.pt\/loja\/produto\/vestuario\/bones-e-gorros\/bone-sameiro-com-cores-variadas\/#breadcrumb","itemListElement":[{"@type":"ListItem","position":1,"name":"In\u00edcio","item":"https:\/\/santuariodosameiro.pt\/loja\/"},{"@type":"ListItem","position":2,"name":"Loja","item":"https:\/\/santuariodosameiro.pt\/loja\/loja\/"},{"@type":"ListItem","position":3,"name":"Bon\u00e9 &#8220;sameiro&#8221; com cores variadas"}]},{"@type":"WebSite","@id":"https:\/\/santuariodosameiro.pt\/loja\/#website","url":"https:\/\/santuariodosameiro.pt\/loja\/","name":"Loja oficial do Santu\u00e1rio do Sameiro","description":"Recorda\u00e7\u00f5es com imagem de Nossa Senhora do Sameiro e do Santu\u00e1rio do Sameiro.","potentialAction":[{"@type":"SearchAction","target":{"@type":"EntryPoint","urlTemplate":"https:\/\/santuariodosameiro.pt\/loja\/?s={search_term_string}"},"query-input":{"@type":"PropertyValueSpecification","valueRequired":true,"valueName":"search_term_string"}}],"inLanguage":"pt-PT"}]}},"wcol_rules":[],"jetpack-related-posts":[],"jetpack_sharing_enabled":true,"_links":{"self":[{"href":"https:\/\/santuariodosameiro.pt\/loja\/wp-json\/wp\/v2\/product\/18217","targetHints":{"allow":["GET"]}}],"collection":[{"href":"https:\/\/santuariodosameiro.pt\/loja\/wp-json\/wp\/v2\/product"}],"about":[{"href":"https:\/\/santuariodosameiro.pt\/loja\/wp-json\/wp\/v2\/types\/product"}],"wp:featuredmedia":[{"embeddable":true,"href":"https:\/\/santuariodosameiro.pt\/loja\/wp-json\/wp\/v2\/media\/19793"}],"wp:attachment":[{"href":"https:\/\/santuariodosameiro.pt\/loja\/wp-json\/wp\/v2\/media?parent=18217"}],"wp:term":[{"taxonomy":"product_brand","embeddable":true,"href":"https:\/\/santuariodosameiro.pt\/loja\/wp-json\/wp\/v2\/product_brand?post=18217"},{"taxonomy":"product_cat","embeddable":true,"href":"https:\/\/santuariodosameiro.pt\/loja\/wp-json\/wp\/v2\/product_cat?post=18217"},{"taxonomy":"product_tag","embeddable":true,"href":"https:\/\/santuariodosameiro.pt\/loja\/wp-json\/wp\/v2\/product_tag?post=18217"}],"curies":[{"name":"wp","href":"https:\/\/api.w.org\/{rel}","templated":true}]}}