{"id":18447,"date":"2022-11-20T16:11:53","date_gmt":"2022-11-20T16:11:53","guid":{"rendered":"https:\/\/santuario2.paletadeideias.com\/lojaonline\/?post_type=product&#038;p=18447"},"modified":"2025-09-08T10:18:34","modified_gmt":"2025-09-08T10:18:34","slug":"t-shirt-azul-e-tamanhos-variados-centenario-da-coroacao","status":"publish","type":"product","link":"https:\/\/santuariodosameiro.pt\/loja\/produto\/vestuario\/t-shirts\/t-shirt-azul-e-tamanhos-variados-centenario-da-coroacao\/","title":{"rendered":"T-shirt azul e tamanhos variados  do Centen\u00e1rio da Coroa\u00e7\u00e3o"},"content":{"rendered":"<p>T-shirt cores e tamanhos variados do Centen\u00e1rio da Coroa\u00e7\u00e3o Nossa Senhora do Sameiro, 100% algod\u00e3o.<\/p>\n<p>Cores dispon\u00edveis: Azul em v\u00e1rios tamanhos.<\/p>\n","protected":false},"excerpt":{"rendered":"<p>T-shirt cores e tamanhos variados do Centen\u00e1rio da Coroa\u00e7\u00e3o Nossa Senhora do Sameiro, 100% algod\u00e3o. Cores dispon\u00edveis: Azul em v\u00e1rios tamanhos.<\/p>\n","protected":false},"featured_media":20105,"template":"","meta":{"om_disable_all_campaigns":false,"_monsterinsights_skip_tracking":false,"_monsterinsights_sitenote_active":false,"_monsterinsights_sitenote_note":"","_monsterinsights_sitenote_category":0},"product_brand":[],"product_cat":[183,182],"product_tag":[],"class_list":{"0":"post-18447","1":"product","2":"type-product","3":"status-publish","4":"has-post-thumbnail","6":"product_cat-t-shirts","7":"product_cat-vestuario","8":"tm-no-options","10":"first","11":"instock","12":"taxable","13":"shipping-taxable","14":"purchasable","15":"product-type-variable"},"aioseo_notices":[],"yoast_head":"<!-- This site is optimized with the Yoast SEO plugin v27.5 - https:\/\/yoast.com\/product\/yoast-seo-wordpress\/ -->\n<title>T-shirt azul e tamanhos variados do Centen\u00e1rio da Coroa\u00e7\u00e3o<\/title>\n<meta name=\"robots\" content=\"index, follow, max-snippet:-1, max-image-preview:large, max-video-preview:-1\" \/>\n<link rel=\"canonical\" href=\"https:\/\/santuariodosameiro.pt\/loja\/produto\/vestuario\/t-shirts\/t-shirt-cores-e-tamanhos-variados-centenario-da-coroacao\/\" \/>\n<meta property=\"og:locale\" content=\"pt_PT\" \/>\n<meta property=\"og:type\" content=\"article\" \/>\n<meta property=\"og:title\" content=\"T-shirt azul e tamanhos variados do Centen\u00e1rio da Coroa\u00e7\u00e3o\" \/>\n<meta property=\"og:description\" content=\"T-shirt cores e tamanhos variados do Centen\u00e1rio da Coroa\u00e7\u00e3o Nossa Senhora do Sameiro, 100% algod\u00e3o. Cores dispon\u00edveis: Azul em v\u00e1rios tamanhos.\" \/>\n<meta property=\"og:url\" content=\"https:\/\/santuariodosameiro.pt\/loja\/produto\/vestuario\/t-shirts\/t-shirt-cores-e-tamanhos-variados-centenario-da-coroacao\/\" \/>\n<meta property=\"og:site_name\" content=\"Loja oficial do Santu\u00e1rio do Sameiro\" \/>\n<meta property=\"article:modified_time\" content=\"2025-09-08T10:18:34+00:00\" \/>\n<meta property=\"og:image\" content=\"https:\/\/santuariodosameiro.pt\/loja\/wp-content\/uploads\/2022\/11\/008-001-529-T-SHIRT001-T-shirt-core-branca-ccoracao-e-tamanhos-variados-Sameiro-azul-Santuario-do-Sameiro-Braga-Portugal.jpg.jpg\" \/>\n\t<meta property=\"og:image:width\" content=\"1000\" \/>\n\t<meta property=\"og:image:height\" content=\"1000\" \/>\n\t<meta property=\"og:image:type\" content=\"image\/jpeg\" \/>\n<meta name=\"twitter:card\" content=\"summary_large_image\" \/>\n<meta name=\"twitter:label1\" content=\"Tempo estimado de leitura\" \/>\n\t<meta name=\"twitter:data1\" content=\"1 minuto\" \/>\n<script type=\"application\/ld+json\" class=\"yoast-schema-graph\">{\"@context\":\"https:\\\/\\\/schema.org\",\"@graph\":[{\"@type\":\"WebPage\",\"@id\":\"https:\\\/\\\/santuariodosameiro.pt\\\/loja\\\/produto\\\/vestuario\\\/t-shirts\\\/t-shirt-cores-e-tamanhos-variados-centenario-da-coroacao\\\/\",\"url\":\"https:\\\/\\\/santuariodosameiro.pt\\\/loja\\\/produto\\\/vestuario\\\/t-shirts\\\/t-shirt-cores-e-tamanhos-variados-centenario-da-coroacao\\\/\",\"name\":\"T-shirt azul e tamanhos variados do Centen\u00e1rio da Coroa\u00e7\u00e3o\",\"isPartOf\":{\"@id\":\"https:\\\/\\\/santuariodosameiro.pt\\\/loja\\\/#website\"},\"primaryImageOfPage\":{\"@id\":\"https:\\\/\\\/santuariodosameiro.pt\\\/loja\\\/produto\\\/vestuario\\\/t-shirts\\\/t-shirt-cores-e-tamanhos-variados-centenario-da-coroacao\\\/#primaryimage\"},\"image\":{\"@id\":\"https:\\\/\\\/santuariodosameiro.pt\\\/loja\\\/produto\\\/vestuario\\\/t-shirts\\\/t-shirt-cores-e-tamanhos-variados-centenario-da-coroacao\\\/#primaryimage\"},\"thumbnailUrl\":\"https:\\\/\\\/santuariodosameiro.pt\\\/loja\\\/wp-content\\\/uploads\\\/2022\\\/11\\\/008-001-529-T-SHIRT001-T-shirt-core-branca-ccoracao-e-tamanhos-variados-Sameiro-azul-Santuario-do-Sameiro-Braga-Portugal.jpg.jpg\",\"datePublished\":\"2022-11-20T16:11:53+00:00\",\"dateModified\":\"2025-09-08T10:18:34+00:00\",\"breadcrumb\":{\"@id\":\"https:\\\/\\\/santuariodosameiro.pt\\\/loja\\\/produto\\\/vestuario\\\/t-shirts\\\/t-shirt-cores-e-tamanhos-variados-centenario-da-coroacao\\\/#breadcrumb\"},\"inLanguage\":\"pt-PT\",\"potentialAction\":[{\"@type\":\"ReadAction\",\"target\":[\"https:\\\/\\\/santuariodosameiro.pt\\\/loja\\\/produto\\\/vestuario\\\/t-shirts\\\/t-shirt-cores-e-tamanhos-variados-centenario-da-coroacao\\\/\"]}]},{\"@type\":\"ImageObject\",\"inLanguage\":\"pt-PT\",\"@id\":\"https:\\\/\\\/santuariodosameiro.pt\\\/loja\\\/produto\\\/vestuario\\\/t-shirts\\\/t-shirt-cores-e-tamanhos-variados-centenario-da-coroacao\\\/#primaryimage\",\"url\":\"https:\\\/\\\/santuariodosameiro.pt\\\/loja\\\/wp-content\\\/uploads\\\/2022\\\/11\\\/008-001-529-T-SHIRT001-T-shirt-core-branca-ccoracao-e-tamanhos-variados-Sameiro-azul-Santuario-do-Sameiro-Braga-Portugal.jpg.jpg\",\"contentUrl\":\"https:\\\/\\\/santuariodosameiro.pt\\\/loja\\\/wp-content\\\/uploads\\\/2022\\\/11\\\/008-001-529-T-SHIRT001-T-shirt-core-branca-ccoracao-e-tamanhos-variados-Sameiro-azul-Santuario-do-Sameiro-Braga-Portugal.jpg.jpg\",\"width\":1000,\"height\":1000},{\"@type\":\"BreadcrumbList\",\"@id\":\"https:\\\/\\\/santuariodosameiro.pt\\\/loja\\\/produto\\\/vestuario\\\/t-shirts\\\/t-shirt-cores-e-tamanhos-variados-centenario-da-coroacao\\\/#breadcrumb\",\"itemListElement\":[{\"@type\":\"ListItem\",\"position\":1,\"name\":\"In\u00edcio\",\"item\":\"https:\\\/\\\/santuariodosameiro.pt\\\/loja\\\/\"},{\"@type\":\"ListItem\",\"position\":2,\"name\":\"Loja\",\"item\":\"https:\\\/\\\/santuariodosameiro.pt\\\/loja\\\/loja\\\/\"},{\"@type\":\"ListItem\",\"position\":3,\"name\":\"T-shirt cores e tamanhos variados do Centen\u00e1rio da Coroa\u00e7\u00e3o\"}]},{\"@type\":\"WebSite\",\"@id\":\"https:\\\/\\\/santuariodosameiro.pt\\\/loja\\\/#website\",\"url\":\"https:\\\/\\\/santuariodosameiro.pt\\\/loja\\\/\",\"name\":\"Loja oficial do Santu\u00e1rio do Sameiro\",\"description\":\"Recorda\u00e7\u00f5es com imagem de Nossa Senhora do Sameiro e do Santu\u00e1rio do Sameiro.\",\"potentialAction\":[{\"@type\":\"SearchAction\",\"target\":{\"@type\":\"EntryPoint\",\"urlTemplate\":\"https:\\\/\\\/santuariodosameiro.pt\\\/loja\\\/?s={search_term_string}\"},\"query-input\":{\"@type\":\"PropertyValueSpecification\",\"valueRequired\":true,\"valueName\":\"search_term_string\"}}],\"inLanguage\":\"pt-PT\"}]}<\/script>\n<!-- \/ Yoast SEO plugin. -->","yoast_head_json":{"title":"T-shirt azul e tamanhos variados do Centen\u00e1rio da Coroa\u00e7\u00e3o","robots":{"index":"index","follow":"follow","max-snippet":"max-snippet:-1","max-image-preview":"max-image-preview:large","max-video-preview":"max-video-preview:-1"},"canonical":"https:\/\/santuariodosameiro.pt\/loja\/produto\/vestuario\/t-shirts\/t-shirt-cores-e-tamanhos-variados-centenario-da-coroacao\/","og_locale":"pt_PT","og_type":"article","og_title":"T-shirt azul e tamanhos variados do Centen\u00e1rio da Coroa\u00e7\u00e3o","og_description":"T-shirt cores e tamanhos variados do Centen\u00e1rio da Coroa\u00e7\u00e3o Nossa Senhora do Sameiro, 100% algod\u00e3o. Cores dispon\u00edveis: Azul em v\u00e1rios tamanhos.","og_url":"https:\/\/santuariodosameiro.pt\/loja\/produto\/vestuario\/t-shirts\/t-shirt-cores-e-tamanhos-variados-centenario-da-coroacao\/","og_site_name":"Loja oficial do Santu\u00e1rio do Sameiro","article_modified_time":"2025-09-08T10:18:34+00:00","og_image":[{"width":1000,"height":1000,"url":"https:\/\/santuariodosameiro.pt\/loja\/wp-content\/uploads\/2022\/11\/008-001-529-T-SHIRT001-T-shirt-core-branca-ccoracao-e-tamanhos-variados-Sameiro-azul-Santuario-do-Sameiro-Braga-Portugal.jpg.jpg","type":"image\/jpeg"}],"twitter_card":"summary_large_image","twitter_misc":{"Tempo estimado de leitura":"1 minuto"},"schema":{"@context":"https:\/\/schema.org","@graph":[{"@type":"WebPage","@id":"https:\/\/santuariodosameiro.pt\/loja\/produto\/vestuario\/t-shirts\/t-shirt-cores-e-tamanhos-variados-centenario-da-coroacao\/","url":"https:\/\/santuariodosameiro.pt\/loja\/produto\/vestuario\/t-shirts\/t-shirt-cores-e-tamanhos-variados-centenario-da-coroacao\/","name":"T-shirt azul e tamanhos variados do Centen\u00e1rio da Coroa\u00e7\u00e3o","isPartOf":{"@id":"https:\/\/santuariodosameiro.pt\/loja\/#website"},"primaryImageOfPage":{"@id":"https:\/\/santuariodosameiro.pt\/loja\/produto\/vestuario\/t-shirts\/t-shirt-cores-e-tamanhos-variados-centenario-da-coroacao\/#primaryimage"},"image":{"@id":"https:\/\/santuariodosameiro.pt\/loja\/produto\/vestuario\/t-shirts\/t-shirt-cores-e-tamanhos-variados-centenario-da-coroacao\/#primaryimage"},"thumbnailUrl":"https:\/\/santuariodosameiro.pt\/loja\/wp-content\/uploads\/2022\/11\/008-001-529-T-SHIRT001-T-shirt-core-branca-ccoracao-e-tamanhos-variados-Sameiro-azul-Santuario-do-Sameiro-Braga-Portugal.jpg.jpg","datePublished":"2022-11-20T16:11:53+00:00","dateModified":"2025-09-08T10:18:34+00:00","breadcrumb":{"@id":"https:\/\/santuariodosameiro.pt\/loja\/produto\/vestuario\/t-shirts\/t-shirt-cores-e-tamanhos-variados-centenario-da-coroacao\/#breadcrumb"},"inLanguage":"pt-PT","potentialAction":[{"@type":"ReadAction","target":["https:\/\/santuariodosameiro.pt\/loja\/produto\/vestuario\/t-shirts\/t-shirt-cores-e-tamanhos-variados-centenario-da-coroacao\/"]}]},{"@type":"ImageObject","inLanguage":"pt-PT","@id":"https:\/\/santuariodosameiro.pt\/loja\/produto\/vestuario\/t-shirts\/t-shirt-cores-e-tamanhos-variados-centenario-da-coroacao\/#primaryimage","url":"https:\/\/santuariodosameiro.pt\/loja\/wp-content\/uploads\/2022\/11\/008-001-529-T-SHIRT001-T-shirt-core-branca-ccoracao-e-tamanhos-variados-Sameiro-azul-Santuario-do-Sameiro-Braga-Portugal.jpg.jpg","contentUrl":"https:\/\/santuariodosameiro.pt\/loja\/wp-content\/uploads\/2022\/11\/008-001-529-T-SHIRT001-T-shirt-core-branca-ccoracao-e-tamanhos-variados-Sameiro-azul-Santuario-do-Sameiro-Braga-Portugal.jpg.jpg","width":1000,"height":1000},{"@type":"BreadcrumbList","@id":"https:\/\/santuariodosameiro.pt\/loja\/produto\/vestuario\/t-shirts\/t-shirt-cores-e-tamanhos-variados-centenario-da-coroacao\/#breadcrumb","itemListElement":[{"@type":"ListItem","position":1,"name":"In\u00edcio","item":"https:\/\/santuariodosameiro.pt\/loja\/"},{"@type":"ListItem","position":2,"name":"Loja","item":"https:\/\/santuariodosameiro.pt\/loja\/loja\/"},{"@type":"ListItem","position":3,"name":"T-shirt cores e tamanhos variados do Centen\u00e1rio da Coroa\u00e7\u00e3o"}]},{"@type":"WebSite","@id":"https:\/\/santuariodosameiro.pt\/loja\/#website","url":"https:\/\/santuariodosameiro.pt\/loja\/","name":"Loja oficial do Santu\u00e1rio do Sameiro","description":"Recorda\u00e7\u00f5es com imagem de Nossa Senhora do Sameiro e do Santu\u00e1rio do Sameiro.","potentialAction":[{"@type":"SearchAction","target":{"@type":"EntryPoint","urlTemplate":"https:\/\/santuariodosameiro.pt\/loja\/?s={search_term_string}"},"query-input":{"@type":"PropertyValueSpecification","valueRequired":true,"valueName":"search_term_string"}}],"inLanguage":"pt-PT"}]}},"wcol_rules":[],"jetpack-related-posts":[],"jetpack_sharing_enabled":true,"_links":{"self":[{"href":"https:\/\/santuariodosameiro.pt\/loja\/wp-json\/wp\/v2\/product\/18447","targetHints":{"allow":["GET"]}}],"collection":[{"href":"https:\/\/santuariodosameiro.pt\/loja\/wp-json\/wp\/v2\/product"}],"about":[{"href":"https:\/\/santuariodosameiro.pt\/loja\/wp-json\/wp\/v2\/types\/product"}],"wp:featuredmedia":[{"embeddable":true,"href":"https:\/\/santuariodosameiro.pt\/loja\/wp-json\/wp\/v2\/media\/20105"}],"wp:attachment":[{"href":"https:\/\/santuariodosameiro.pt\/loja\/wp-json\/wp\/v2\/media?parent=18447"}],"wp:term":[{"taxonomy":"product_brand","embeddable":true,"href":"https:\/\/santuariodosameiro.pt\/loja\/wp-json\/wp\/v2\/product_brand?post=18447"},{"taxonomy":"product_cat","embeddable":true,"href":"https:\/\/santuariodosameiro.pt\/loja\/wp-json\/wp\/v2\/product_cat?post=18447"},{"taxonomy":"product_tag","embeddable":true,"href":"https:\/\/santuariodosameiro.pt\/loja\/wp-json\/wp\/v2\/product_tag?post=18447"}],"curies":[{"name":"wp","href":"https:\/\/api.w.org\/{rel}","templated":true}]}}