{"id":19353,"date":"2022-11-06T11:18:56","date_gmt":"2022-11-06T11:18:56","guid":{"rendered":"https:\/\/santuario2.paletadeideias.com\/lojaonline\/?post_type=product&#038;p=19353"},"modified":"2025-07-25T16:30:04","modified_gmt":"2025-07-25T16:30:04","slug":"kit-com-11-pecas","status":"publish","type":"product","link":"https:\/\/santuariodosameiro.pt\/loja\/produto\/recordacoes\/kits\/kit-com-11-pecas\/","title":{"rendered":"Kit  de recorda\u00e7\u00f5es com 11 pe\u00e7as do Sameiro"},"content":{"rendered":"<p>Kit com 11 pe\u00e7as\u00a0 sortidas composto por: 1 cachecol, 1 rel\u00f3gio de pulso, 1 rel\u00f3gio de mesa, 1 pulseira, 1 bon\u00e9, 1CD, 1 DVD, 1 t-shirt, 1 gola, 1 len\u00e7o e 1 livro.<\/p>\n","protected":false},"excerpt":{"rendered":"<p>Kit com 11 pe\u00e7as\u00a0 sortidas composto por: 1 cachecol, 1 rel\u00f3gio de pulso, 1 rel\u00f3gio de mesa, 1 pulseira, 1 bon\u00e9, 1CD, 1 DVD, 1 t-shirt, 1 gola, 1 len\u00e7o e 1 livro.<\/p>\n","protected":false},"featured_media":19357,"template":"","meta":{"om_disable_all_campaigns":false,"_monsterinsights_skip_tracking":false,"_monsterinsights_sitenote_active":false,"_monsterinsights_sitenote_note":"","_monsterinsights_sitenote_category":0},"product_brand":[],"product_cat":[240,154],"product_tag":[],"class_list":{"0":"post-19353","1":"product","2":"type-product","3":"status-publish","4":"has-post-thumbnail","6":"product_cat-kits","7":"product_cat-recordacoes","8":"tm-no-options","10":"first","11":"instock","12":"taxable","13":"shipping-taxable","14":"purchasable","15":"product-type-simple"},"aioseo_notices":[],"yoast_head":"<!-- This site is optimized with the Yoast SEO plugin v27.5 - https:\/\/yoast.com\/product\/yoast-seo-wordpress\/ -->\n<title>Kit de recorda\u00e7\u00f5es com 11 pe\u00e7as do Sameiro<\/title>\n<meta name=\"robots\" content=\"index, follow, max-snippet:-1, max-image-preview:large, max-video-preview:-1\" \/>\n<link rel=\"canonical\" href=\"https:\/\/santuariodosameiro.pt\/loja\/produto\/recordacoes\/kits\/kit-com-11-pecas\/\" \/>\n<meta property=\"og:locale\" content=\"pt_PT\" \/>\n<meta property=\"og:type\" content=\"article\" \/>\n<meta property=\"og:title\" content=\"Kit de recorda\u00e7\u00f5es com 11 pe\u00e7as do Sameiro\" \/>\n<meta property=\"og:description\" content=\"Kit com 11 pe\u00e7as\u00a0 sortidas composto por: 1 cachecol, 1 rel\u00f3gio de pulso, 1 rel\u00f3gio de mesa, 1 pulseira, 1 bon\u00e9, 1CD, 1 DVD, 1 t-shirt, 1 gola, 1 len\u00e7o e 1 livro.\" \/>\n<meta property=\"og:url\" content=\"https:\/\/santuariodosameiro.pt\/loja\/produto\/recordacoes\/kits\/kit-com-11-pecas\/\" \/>\n<meta property=\"og:site_name\" content=\"Loja oficial do Santu\u00e1rio do Sameiro\" \/>\n<meta property=\"article:modified_time\" content=\"2025-07-25T16:30:04+00:00\" \/>\n<meta property=\"og:image\" content=\"https:\/\/santuariodosameiro.pt\/loja\/wp-content\/uploads\/2022\/12\/011-015-529-KIT11PECAS-Kit-com-11-pecas-sortidas-Santuario-do-Sameiro-Braga-Portugal.jpg\" \/>\n\t<meta property=\"og:image:width\" content=\"1000\" \/>\n\t<meta property=\"og:image:height\" content=\"1000\" \/>\n\t<meta property=\"og:image:type\" content=\"image\/jpeg\" \/>\n<meta name=\"twitter:card\" content=\"summary_large_image\" \/>\n<meta name=\"twitter:label1\" content=\"Tempo estimado de leitura\" \/>\n\t<meta name=\"twitter:data1\" content=\"1 minuto\" \/>\n<script type=\"application\/ld+json\" class=\"yoast-schema-graph\">{\"@context\":\"https:\\\/\\\/schema.org\",\"@graph\":[{\"@type\":\"WebPage\",\"@id\":\"https:\\\/\\\/santuariodosameiro.pt\\\/loja\\\/produto\\\/recordacoes\\\/kits\\\/kit-com-11-pecas\\\/\",\"url\":\"https:\\\/\\\/santuariodosameiro.pt\\\/loja\\\/produto\\\/recordacoes\\\/kits\\\/kit-com-11-pecas\\\/\",\"name\":\"Kit de recorda\u00e7\u00f5es com 11 pe\u00e7as do Sameiro\",\"isPartOf\":{\"@id\":\"https:\\\/\\\/santuariodosameiro.pt\\\/loja\\\/#website\"},\"primaryImageOfPage\":{\"@id\":\"https:\\\/\\\/santuariodosameiro.pt\\\/loja\\\/produto\\\/recordacoes\\\/kits\\\/kit-com-11-pecas\\\/#primaryimage\"},\"image\":{\"@id\":\"https:\\\/\\\/santuariodosameiro.pt\\\/loja\\\/produto\\\/recordacoes\\\/kits\\\/kit-com-11-pecas\\\/#primaryimage\"},\"thumbnailUrl\":\"https:\\\/\\\/santuariodosameiro.pt\\\/loja\\\/wp-content\\\/uploads\\\/2022\\\/12\\\/011-015-529-KIT11PECAS-Kit-com-11-pecas-sortidas-Santuario-do-Sameiro-Braga-Portugal.jpg\",\"datePublished\":\"2022-11-06T11:18:56+00:00\",\"dateModified\":\"2025-07-25T16:30:04+00:00\",\"breadcrumb\":{\"@id\":\"https:\\\/\\\/santuariodosameiro.pt\\\/loja\\\/produto\\\/recordacoes\\\/kits\\\/kit-com-11-pecas\\\/#breadcrumb\"},\"inLanguage\":\"pt-PT\",\"potentialAction\":[{\"@type\":\"ReadAction\",\"target\":[\"https:\\\/\\\/santuariodosameiro.pt\\\/loja\\\/produto\\\/recordacoes\\\/kits\\\/kit-com-11-pecas\\\/\"]}]},{\"@type\":\"ImageObject\",\"inLanguage\":\"pt-PT\",\"@id\":\"https:\\\/\\\/santuariodosameiro.pt\\\/loja\\\/produto\\\/recordacoes\\\/kits\\\/kit-com-11-pecas\\\/#primaryimage\",\"url\":\"https:\\\/\\\/santuariodosameiro.pt\\\/loja\\\/wp-content\\\/uploads\\\/2022\\\/12\\\/011-015-529-KIT11PECAS-Kit-com-11-pecas-sortidas-Santuario-do-Sameiro-Braga-Portugal.jpg\",\"contentUrl\":\"https:\\\/\\\/santuariodosameiro.pt\\\/loja\\\/wp-content\\\/uploads\\\/2022\\\/12\\\/011-015-529-KIT11PECAS-Kit-com-11-pecas-sortidas-Santuario-do-Sameiro-Braga-Portugal.jpg\",\"width\":1000,\"height\":1000},{\"@type\":\"BreadcrumbList\",\"@id\":\"https:\\\/\\\/santuariodosameiro.pt\\\/loja\\\/produto\\\/recordacoes\\\/kits\\\/kit-com-11-pecas\\\/#breadcrumb\",\"itemListElement\":[{\"@type\":\"ListItem\",\"position\":1,\"name\":\"In\u00edcio\",\"item\":\"https:\\\/\\\/santuariodosameiro.pt\\\/loja\\\/\"},{\"@type\":\"ListItem\",\"position\":2,\"name\":\"Loja\",\"item\":\"https:\\\/\\\/santuariodosameiro.pt\\\/loja\\\/loja\\\/\"},{\"@type\":\"ListItem\",\"position\":3,\"name\":\"Kit de recorda\u00e7\u00f5es com 11 pe\u00e7as do Sameiro\"}]},{\"@type\":\"WebSite\",\"@id\":\"https:\\\/\\\/santuariodosameiro.pt\\\/loja\\\/#website\",\"url\":\"https:\\\/\\\/santuariodosameiro.pt\\\/loja\\\/\",\"name\":\"Loja oficial do Santu\u00e1rio do Sameiro\",\"description\":\"Recorda\u00e7\u00f5es com imagem de Nossa Senhora do Sameiro e do Santu\u00e1rio do Sameiro.\",\"potentialAction\":[{\"@type\":\"SearchAction\",\"target\":{\"@type\":\"EntryPoint\",\"urlTemplate\":\"https:\\\/\\\/santuariodosameiro.pt\\\/loja\\\/?s={search_term_string}\"},\"query-input\":{\"@type\":\"PropertyValueSpecification\",\"valueRequired\":true,\"valueName\":\"search_term_string\"}}],\"inLanguage\":\"pt-PT\"}]}<\/script>\n<!-- \/ Yoast SEO plugin. -->","yoast_head_json":{"title":"Kit de recorda\u00e7\u00f5es com 11 pe\u00e7as do Sameiro","robots":{"index":"index","follow":"follow","max-snippet":"max-snippet:-1","max-image-preview":"max-image-preview:large","max-video-preview":"max-video-preview:-1"},"canonical":"https:\/\/santuariodosameiro.pt\/loja\/produto\/recordacoes\/kits\/kit-com-11-pecas\/","og_locale":"pt_PT","og_type":"article","og_title":"Kit de recorda\u00e7\u00f5es com 11 pe\u00e7as do Sameiro","og_description":"Kit com 11 pe\u00e7as\u00a0 sortidas composto por: 1 cachecol, 1 rel\u00f3gio de pulso, 1 rel\u00f3gio de mesa, 1 pulseira, 1 bon\u00e9, 1CD, 1 DVD, 1 t-shirt, 1 gola, 1 len\u00e7o e 1 livro.","og_url":"https:\/\/santuariodosameiro.pt\/loja\/produto\/recordacoes\/kits\/kit-com-11-pecas\/","og_site_name":"Loja oficial do Santu\u00e1rio do Sameiro","article_modified_time":"2025-07-25T16:30:04+00:00","og_image":[{"width":1000,"height":1000,"url":"https:\/\/santuariodosameiro.pt\/loja\/wp-content\/uploads\/2022\/12\/011-015-529-KIT11PECAS-Kit-com-11-pecas-sortidas-Santuario-do-Sameiro-Braga-Portugal.jpg","type":"image\/jpeg"}],"twitter_card":"summary_large_image","twitter_misc":{"Tempo estimado de leitura":"1 minuto"},"schema":{"@context":"https:\/\/schema.org","@graph":[{"@type":"WebPage","@id":"https:\/\/santuariodosameiro.pt\/loja\/produto\/recordacoes\/kits\/kit-com-11-pecas\/","url":"https:\/\/santuariodosameiro.pt\/loja\/produto\/recordacoes\/kits\/kit-com-11-pecas\/","name":"Kit de recorda\u00e7\u00f5es com 11 pe\u00e7as do Sameiro","isPartOf":{"@id":"https:\/\/santuariodosameiro.pt\/loja\/#website"},"primaryImageOfPage":{"@id":"https:\/\/santuariodosameiro.pt\/loja\/produto\/recordacoes\/kits\/kit-com-11-pecas\/#primaryimage"},"image":{"@id":"https:\/\/santuariodosameiro.pt\/loja\/produto\/recordacoes\/kits\/kit-com-11-pecas\/#primaryimage"},"thumbnailUrl":"https:\/\/santuariodosameiro.pt\/loja\/wp-content\/uploads\/2022\/12\/011-015-529-KIT11PECAS-Kit-com-11-pecas-sortidas-Santuario-do-Sameiro-Braga-Portugal.jpg","datePublished":"2022-11-06T11:18:56+00:00","dateModified":"2025-07-25T16:30:04+00:00","breadcrumb":{"@id":"https:\/\/santuariodosameiro.pt\/loja\/produto\/recordacoes\/kits\/kit-com-11-pecas\/#breadcrumb"},"inLanguage":"pt-PT","potentialAction":[{"@type":"ReadAction","target":["https:\/\/santuariodosameiro.pt\/loja\/produto\/recordacoes\/kits\/kit-com-11-pecas\/"]}]},{"@type":"ImageObject","inLanguage":"pt-PT","@id":"https:\/\/santuariodosameiro.pt\/loja\/produto\/recordacoes\/kits\/kit-com-11-pecas\/#primaryimage","url":"https:\/\/santuariodosameiro.pt\/loja\/wp-content\/uploads\/2022\/12\/011-015-529-KIT11PECAS-Kit-com-11-pecas-sortidas-Santuario-do-Sameiro-Braga-Portugal.jpg","contentUrl":"https:\/\/santuariodosameiro.pt\/loja\/wp-content\/uploads\/2022\/12\/011-015-529-KIT11PECAS-Kit-com-11-pecas-sortidas-Santuario-do-Sameiro-Braga-Portugal.jpg","width":1000,"height":1000},{"@type":"BreadcrumbList","@id":"https:\/\/santuariodosameiro.pt\/loja\/produto\/recordacoes\/kits\/kit-com-11-pecas\/#breadcrumb","itemListElement":[{"@type":"ListItem","position":1,"name":"In\u00edcio","item":"https:\/\/santuariodosameiro.pt\/loja\/"},{"@type":"ListItem","position":2,"name":"Loja","item":"https:\/\/santuariodosameiro.pt\/loja\/loja\/"},{"@type":"ListItem","position":3,"name":"Kit de recorda\u00e7\u00f5es com 11 pe\u00e7as do Sameiro"}]},{"@type":"WebSite","@id":"https:\/\/santuariodosameiro.pt\/loja\/#website","url":"https:\/\/santuariodosameiro.pt\/loja\/","name":"Loja oficial do Santu\u00e1rio do Sameiro","description":"Recorda\u00e7\u00f5es com imagem de Nossa Senhora do Sameiro e do Santu\u00e1rio do Sameiro.","potentialAction":[{"@type":"SearchAction","target":{"@type":"EntryPoint","urlTemplate":"https:\/\/santuariodosameiro.pt\/loja\/?s={search_term_string}"},"query-input":{"@type":"PropertyValueSpecification","valueRequired":true,"valueName":"search_term_string"}}],"inLanguage":"pt-PT"}]}},"wcol_rules":[],"jetpack-related-posts":[],"jetpack_sharing_enabled":true,"_links":{"self":[{"href":"https:\/\/santuariodosameiro.pt\/loja\/wp-json\/wp\/v2\/product\/19353","targetHints":{"allow":["GET"]}}],"collection":[{"href":"https:\/\/santuariodosameiro.pt\/loja\/wp-json\/wp\/v2\/product"}],"about":[{"href":"https:\/\/santuariodosameiro.pt\/loja\/wp-json\/wp\/v2\/types\/product"}],"wp:featuredmedia":[{"embeddable":true,"href":"https:\/\/santuariodosameiro.pt\/loja\/wp-json\/wp\/v2\/media\/19357"}],"wp:attachment":[{"href":"https:\/\/santuariodosameiro.pt\/loja\/wp-json\/wp\/v2\/media?parent=19353"}],"wp:term":[{"taxonomy":"product_brand","embeddable":true,"href":"https:\/\/santuariodosameiro.pt\/loja\/wp-json\/wp\/v2\/product_brand?post=19353"},{"taxonomy":"product_cat","embeddable":true,"href":"https:\/\/santuariodosameiro.pt\/loja\/wp-json\/wp\/v2\/product_cat?post=19353"},{"taxonomy":"product_tag","embeddable":true,"href":"https:\/\/santuariodosameiro.pt\/loja\/wp-json\/wp\/v2\/product_tag?post=19353"}],"curies":[{"name":"wp","href":"https:\/\/api.w.org\/{rel}","templated":true}]}}