{"id":20220,"date":"2022-11-30T10:17:09","date_gmt":"2022-11-30T10:17:09","guid":{"rendered":"https:\/\/santuario2.paletadeideias.com\/lojaonline\/?post_type=product&#038;p=20220"},"modified":"2026-03-27T12:33:16","modified_gmt":"2026-03-27T12:33:16","slug":"rosa-bilaminada-cores-sortidas","status":"publish","type":"product","link":"https:\/\/santuariodosameiro.pt\/loja\/produto\/dia-da-mae\/rosas-dia-da-mae\/rosa-bilaminada-cores-sortidas\/","title":{"rendered":"Rosa bilaminada cores sortidas"},"content":{"rendered":"<p>Rosas bilaminadas em prata. Estas rosas s\u00e3o alusivas \u00e0 Rosa de Ouro oferecida pelo papa S\u00e3o Jo\u00e3o Paulo II para distin\u00e7\u00e3o do Santu\u00e1rio do Sameiro, aquando as comemora\u00e7\u00f5es dos 150 anos da proclama\u00e7\u00e3o do dogma da Imaculada Concei\u00e7\u00e3o.<\/p>\n<p>Dispon\u00edveis nas cores: amarelo, azul, vermelho, branco p\u00e9rola, cinza, rosa e bordeaux.<\/p>\n<p>Caixa personalizada e com certifica\u00e7\u00e3o de garantia.<\/p>\n","protected":false},"excerpt":{"rendered":"<p>Rosas bilaminadas em prata. Estas rosas s\u00e3o alusivas \u00e0 Rosa de Ouro oferecida pelo papa S\u00e3o Jo\u00e3o Paulo II para distin\u00e7\u00e3o do Santu\u00e1rio do Sameiro, aquando as comemora\u00e7\u00f5es dos 150 anos da proclama\u00e7\u00e3o do dogma da Imaculada Concei\u00e7\u00e3o. Dispon\u00edveis nas cores: amarelo, azul, vermelho, branco p\u00e9rola, cinza, rosa e bordeaux. Caixa personalizada e com certifica\u00e7\u00e3o [&hellip;]<\/p>\n","protected":false},"featured_media":20236,"template":"","meta":{"om_disable_all_campaigns":false,"_monsterinsights_skip_tracking":false,"_monsterinsights_sitenote_active":false,"_monsterinsights_sitenote_note":"","_monsterinsights_sitenote_category":0},"product_brand":[],"product_cat":[341,339,316,48],"product_tag":[],"class_list":{"0":"post-20220","1":"product","2":"type-product","3":"status-publish","4":"has-post-thumbnail","6":"product_cat-rosas-dia-da-mae","7":"product_cat-dia-da-mae","8":"product_cat-rosas-joalharia","9":"product_cat-joalharia","10":"tm-no-options","12":"first","13":"instock","14":"taxable","15":"shipping-taxable","16":"purchasable","17":"product-type-variable"},"aioseo_notices":[],"yoast_head":"<!-- This site is optimized with the Yoast SEO plugin v27.5 - https:\/\/yoast.com\/product\/yoast-seo-wordpress\/ -->\n<title>Rosa bilaminada cores sortidas<\/title>\n<meta name=\"robots\" content=\"index, follow, max-snippet:-1, max-image-preview:large, max-video-preview:-1\" \/>\n<link rel=\"canonical\" href=\"https:\/\/santuariodosameiro.pt\/loja\/produto\/dia-da-mae\/rosas-dia-da-mae\/rosa-bilaminada-cores-sortidas\/\" \/>\n<meta property=\"og:locale\" content=\"pt_PT\" \/>\n<meta property=\"og:type\" content=\"article\" \/>\n<meta property=\"og:title\" content=\"Rosa bilaminada cores sortidas\" \/>\n<meta property=\"og:description\" content=\"Rosas bilaminadas em prata. Estas rosas s\u00e3o alusivas \u00e0 Rosa de Ouro oferecida pelo papa S\u00e3o Jo\u00e3o Paulo II para distin\u00e7\u00e3o do Santu\u00e1rio do Sameiro, aquando as comemora\u00e7\u00f5es dos 150 anos da proclama\u00e7\u00e3o do dogma da Imaculada Concei\u00e7\u00e3o. Dispon\u00edveis nas cores: amarelo, azul, vermelho, branco p\u00e9rola, cinza, rosa e bordeaux. Caixa personalizada e com certifica\u00e7\u00e3o [&hellip;]\" \/>\n<meta property=\"og:url\" content=\"https:\/\/santuariodosameiro.pt\/loja\/produto\/dia-da-mae\/rosas-dia-da-mae\/rosa-bilaminada-cores-sortidas\/\" \/>\n<meta property=\"og:site_name\" content=\"Loja oficial do Santu\u00e1rio do Sameiro\" \/>\n<meta property=\"article:modified_time\" content=\"2026-03-27T12:33:16+00:00\" \/>\n<meta property=\"og:image\" content=\"https:\/\/santuariodosameiro.pt\/loja\/wp-content\/uploads\/2022\/12\/004-001-507-38AK1765-Rosa-bilaminada-cores-sortidas-Santuario-do-Sameiro-Braga-Portugal.jpg.jpg\" \/>\n\t<meta property=\"og:image:width\" content=\"1000\" \/>\n\t<meta property=\"og:image:height\" content=\"1000\" \/>\n\t<meta property=\"og:image:type\" content=\"image\/jpeg\" \/>\n<meta name=\"twitter:card\" content=\"summary_large_image\" \/>\n<meta name=\"twitter:label1\" content=\"Tempo estimado de leitura\" \/>\n\t<meta name=\"twitter:data1\" content=\"1 minuto\" \/>\n<script type=\"application\/ld+json\" class=\"yoast-schema-graph\">{\"@context\":\"https:\\\/\\\/schema.org\",\"@graph\":[{\"@type\":\"WebPage\",\"@id\":\"https:\\\/\\\/santuariodosameiro.pt\\\/loja\\\/produto\\\/dia-da-mae\\\/rosas-dia-da-mae\\\/rosa-bilaminada-cores-sortidas\\\/\",\"url\":\"https:\\\/\\\/santuariodosameiro.pt\\\/loja\\\/produto\\\/dia-da-mae\\\/rosas-dia-da-mae\\\/rosa-bilaminada-cores-sortidas\\\/\",\"name\":\"Rosa bilaminada cores sortidas\",\"isPartOf\":{\"@id\":\"https:\\\/\\\/santuariodosameiro.pt\\\/loja\\\/#website\"},\"primaryImageOfPage\":{\"@id\":\"https:\\\/\\\/santuariodosameiro.pt\\\/loja\\\/produto\\\/dia-da-mae\\\/rosas-dia-da-mae\\\/rosa-bilaminada-cores-sortidas\\\/#primaryimage\"},\"image\":{\"@id\":\"https:\\\/\\\/santuariodosameiro.pt\\\/loja\\\/produto\\\/dia-da-mae\\\/rosas-dia-da-mae\\\/rosa-bilaminada-cores-sortidas\\\/#primaryimage\"},\"thumbnailUrl\":\"https:\\\/\\\/santuariodosameiro.pt\\\/loja\\\/wp-content\\\/uploads\\\/2022\\\/12\\\/004-001-507-38AK1765-Rosa-bilaminada-cores-sortidas-Santuario-do-Sameiro-Braga-Portugal.jpg.jpg\",\"datePublished\":\"2022-11-30T10:17:09+00:00\",\"dateModified\":\"2026-03-27T12:33:16+00:00\",\"breadcrumb\":{\"@id\":\"https:\\\/\\\/santuariodosameiro.pt\\\/loja\\\/produto\\\/dia-da-mae\\\/rosas-dia-da-mae\\\/rosa-bilaminada-cores-sortidas\\\/#breadcrumb\"},\"inLanguage\":\"pt-PT\",\"potentialAction\":[{\"@type\":\"ReadAction\",\"target\":[\"https:\\\/\\\/santuariodosameiro.pt\\\/loja\\\/produto\\\/dia-da-mae\\\/rosas-dia-da-mae\\\/rosa-bilaminada-cores-sortidas\\\/\"]}]},{\"@type\":\"ImageObject\",\"inLanguage\":\"pt-PT\",\"@id\":\"https:\\\/\\\/santuariodosameiro.pt\\\/loja\\\/produto\\\/dia-da-mae\\\/rosas-dia-da-mae\\\/rosa-bilaminada-cores-sortidas\\\/#primaryimage\",\"url\":\"https:\\\/\\\/santuariodosameiro.pt\\\/loja\\\/wp-content\\\/uploads\\\/2022\\\/12\\\/004-001-507-38AK1765-Rosa-bilaminada-cores-sortidas-Santuario-do-Sameiro-Braga-Portugal.jpg.jpg\",\"contentUrl\":\"https:\\\/\\\/santuariodosameiro.pt\\\/loja\\\/wp-content\\\/uploads\\\/2022\\\/12\\\/004-001-507-38AK1765-Rosa-bilaminada-cores-sortidas-Santuario-do-Sameiro-Braga-Portugal.jpg.jpg\",\"width\":1000,\"height\":1000},{\"@type\":\"BreadcrumbList\",\"@id\":\"https:\\\/\\\/santuariodosameiro.pt\\\/loja\\\/produto\\\/dia-da-mae\\\/rosas-dia-da-mae\\\/rosa-bilaminada-cores-sortidas\\\/#breadcrumb\",\"itemListElement\":[{\"@type\":\"ListItem\",\"position\":1,\"name\":\"In\u00edcio\",\"item\":\"https:\\\/\\\/santuariodosameiro.pt\\\/loja\\\/\"},{\"@type\":\"ListItem\",\"position\":2,\"name\":\"Loja\",\"item\":\"https:\\\/\\\/santuariodosameiro.pt\\\/loja\\\/loja\\\/\"},{\"@type\":\"ListItem\",\"position\":3,\"name\":\"Rosa bilaminada cores sortidas\"}]},{\"@type\":\"WebSite\",\"@id\":\"https:\\\/\\\/santuariodosameiro.pt\\\/loja\\\/#website\",\"url\":\"https:\\\/\\\/santuariodosameiro.pt\\\/loja\\\/\",\"name\":\"Loja oficial do Santu\u00e1rio do Sameiro\",\"description\":\"Recorda\u00e7\u00f5es com imagem de Nossa Senhora do Sameiro e do Santu\u00e1rio do Sameiro.\",\"potentialAction\":[{\"@type\":\"SearchAction\",\"target\":{\"@type\":\"EntryPoint\",\"urlTemplate\":\"https:\\\/\\\/santuariodosameiro.pt\\\/loja\\\/?s={search_term_string}\"},\"query-input\":{\"@type\":\"PropertyValueSpecification\",\"valueRequired\":true,\"valueName\":\"search_term_string\"}}],\"inLanguage\":\"pt-PT\"}]}<\/script>\n<!-- \/ Yoast SEO plugin. -->","yoast_head_json":{"title":"Rosa bilaminada cores sortidas","robots":{"index":"index","follow":"follow","max-snippet":"max-snippet:-1","max-image-preview":"max-image-preview:large","max-video-preview":"max-video-preview:-1"},"canonical":"https:\/\/santuariodosameiro.pt\/loja\/produto\/dia-da-mae\/rosas-dia-da-mae\/rosa-bilaminada-cores-sortidas\/","og_locale":"pt_PT","og_type":"article","og_title":"Rosa bilaminada cores sortidas","og_description":"Rosas bilaminadas em prata. Estas rosas s\u00e3o alusivas \u00e0 Rosa de Ouro oferecida pelo papa S\u00e3o Jo\u00e3o Paulo II para distin\u00e7\u00e3o do Santu\u00e1rio do Sameiro, aquando as comemora\u00e7\u00f5es dos 150 anos da proclama\u00e7\u00e3o do dogma da Imaculada Concei\u00e7\u00e3o. Dispon\u00edveis nas cores: amarelo, azul, vermelho, branco p\u00e9rola, cinza, rosa e bordeaux. Caixa personalizada e com certifica\u00e7\u00e3o [&hellip;]","og_url":"https:\/\/santuariodosameiro.pt\/loja\/produto\/dia-da-mae\/rosas-dia-da-mae\/rosa-bilaminada-cores-sortidas\/","og_site_name":"Loja oficial do Santu\u00e1rio do Sameiro","article_modified_time":"2026-03-27T12:33:16+00:00","og_image":[{"width":1000,"height":1000,"url":"https:\/\/santuariodosameiro.pt\/loja\/wp-content\/uploads\/2022\/12\/004-001-507-38AK1765-Rosa-bilaminada-cores-sortidas-Santuario-do-Sameiro-Braga-Portugal.jpg.jpg","type":"image\/jpeg"}],"twitter_card":"summary_large_image","twitter_misc":{"Tempo estimado de leitura":"1 minuto"},"schema":{"@context":"https:\/\/schema.org","@graph":[{"@type":"WebPage","@id":"https:\/\/santuariodosameiro.pt\/loja\/produto\/dia-da-mae\/rosas-dia-da-mae\/rosa-bilaminada-cores-sortidas\/","url":"https:\/\/santuariodosameiro.pt\/loja\/produto\/dia-da-mae\/rosas-dia-da-mae\/rosa-bilaminada-cores-sortidas\/","name":"Rosa bilaminada cores sortidas","isPartOf":{"@id":"https:\/\/santuariodosameiro.pt\/loja\/#website"},"primaryImageOfPage":{"@id":"https:\/\/santuariodosameiro.pt\/loja\/produto\/dia-da-mae\/rosas-dia-da-mae\/rosa-bilaminada-cores-sortidas\/#primaryimage"},"image":{"@id":"https:\/\/santuariodosameiro.pt\/loja\/produto\/dia-da-mae\/rosas-dia-da-mae\/rosa-bilaminada-cores-sortidas\/#primaryimage"},"thumbnailUrl":"https:\/\/santuariodosameiro.pt\/loja\/wp-content\/uploads\/2022\/12\/004-001-507-38AK1765-Rosa-bilaminada-cores-sortidas-Santuario-do-Sameiro-Braga-Portugal.jpg.jpg","datePublished":"2022-11-30T10:17:09+00:00","dateModified":"2026-03-27T12:33:16+00:00","breadcrumb":{"@id":"https:\/\/santuariodosameiro.pt\/loja\/produto\/dia-da-mae\/rosas-dia-da-mae\/rosa-bilaminada-cores-sortidas\/#breadcrumb"},"inLanguage":"pt-PT","potentialAction":[{"@type":"ReadAction","target":["https:\/\/santuariodosameiro.pt\/loja\/produto\/dia-da-mae\/rosas-dia-da-mae\/rosa-bilaminada-cores-sortidas\/"]}]},{"@type":"ImageObject","inLanguage":"pt-PT","@id":"https:\/\/santuariodosameiro.pt\/loja\/produto\/dia-da-mae\/rosas-dia-da-mae\/rosa-bilaminada-cores-sortidas\/#primaryimage","url":"https:\/\/santuariodosameiro.pt\/loja\/wp-content\/uploads\/2022\/12\/004-001-507-38AK1765-Rosa-bilaminada-cores-sortidas-Santuario-do-Sameiro-Braga-Portugal.jpg.jpg","contentUrl":"https:\/\/santuariodosameiro.pt\/loja\/wp-content\/uploads\/2022\/12\/004-001-507-38AK1765-Rosa-bilaminada-cores-sortidas-Santuario-do-Sameiro-Braga-Portugal.jpg.jpg","width":1000,"height":1000},{"@type":"BreadcrumbList","@id":"https:\/\/santuariodosameiro.pt\/loja\/produto\/dia-da-mae\/rosas-dia-da-mae\/rosa-bilaminada-cores-sortidas\/#breadcrumb","itemListElement":[{"@type":"ListItem","position":1,"name":"In\u00edcio","item":"https:\/\/santuariodosameiro.pt\/loja\/"},{"@type":"ListItem","position":2,"name":"Loja","item":"https:\/\/santuariodosameiro.pt\/loja\/loja\/"},{"@type":"ListItem","position":3,"name":"Rosa bilaminada cores sortidas"}]},{"@type":"WebSite","@id":"https:\/\/santuariodosameiro.pt\/loja\/#website","url":"https:\/\/santuariodosameiro.pt\/loja\/","name":"Loja oficial do Santu\u00e1rio do Sameiro","description":"Recorda\u00e7\u00f5es com imagem de Nossa Senhora do Sameiro e do Santu\u00e1rio do Sameiro.","potentialAction":[{"@type":"SearchAction","target":{"@type":"EntryPoint","urlTemplate":"https:\/\/santuariodosameiro.pt\/loja\/?s={search_term_string}"},"query-input":{"@type":"PropertyValueSpecification","valueRequired":true,"valueName":"search_term_string"}}],"inLanguage":"pt-PT"}]}},"wcol_rules":[],"jetpack-related-posts":[],"jetpack_sharing_enabled":true,"_links":{"self":[{"href":"https:\/\/santuariodosameiro.pt\/loja\/wp-json\/wp\/v2\/product\/20220","targetHints":{"allow":["GET"]}}],"collection":[{"href":"https:\/\/santuariodosameiro.pt\/loja\/wp-json\/wp\/v2\/product"}],"about":[{"href":"https:\/\/santuariodosameiro.pt\/loja\/wp-json\/wp\/v2\/types\/product"}],"wp:featuredmedia":[{"embeddable":true,"href":"https:\/\/santuariodosameiro.pt\/loja\/wp-json\/wp\/v2\/media\/20236"}],"wp:attachment":[{"href":"https:\/\/santuariodosameiro.pt\/loja\/wp-json\/wp\/v2\/media?parent=20220"}],"wp:term":[{"taxonomy":"product_brand","embeddable":true,"href":"https:\/\/santuariodosameiro.pt\/loja\/wp-json\/wp\/v2\/product_brand?post=20220"},{"taxonomy":"product_cat","embeddable":true,"href":"https:\/\/santuariodosameiro.pt\/loja\/wp-json\/wp\/v2\/product_cat?post=20220"},{"taxonomy":"product_tag","embeddable":true,"href":"https:\/\/santuariodosameiro.pt\/loja\/wp-json\/wp\/v2\/product_tag?post=20220"}],"curies":[{"name":"wp","href":"https:\/\/api.w.org\/{rel}","templated":true}]}}