{"id":20485,"date":"2023-01-01T17:27:57","date_gmt":"2023-01-01T17:27:57","guid":{"rendered":"https:\/\/santuario2.paletadeideias.com\/lojaonline\/?post_type=product&#038;p=20485"},"modified":"2025-05-20T16:23:45","modified_gmt":"2025-05-20T16:23:45","slug":"o-principezinho","status":"publish","type":"product","link":"https:\/\/santuariodosameiro.pt\/loja\/produto\/livros\/infancia-juventude\/o-principezinho\/","title":{"rendered":"O Principezinho"},"content":{"rendered":"","protected":false},"excerpt":{"rendered":"<p>Antoine de Saint &#8211; Exup\u00e9ry<\/p>\n","protected":false},"featured_media":20486,"template":"","meta":{"om_disable_all_campaigns":false,"_monsterinsights_skip_tracking":false,"_monsterinsights_sitenote_active":false,"_monsterinsights_sitenote_note":"","_monsterinsights_sitenote_category":0},"product_brand":[],"product_cat":[276,45],"product_tag":[],"class_list":{"0":"post-20485","1":"product","2":"type-product","3":"status-publish","4":"has-post-thumbnail","6":"product_cat-infancia-juventude","7":"product_cat-livros","8":"tm-no-options","10":"first","11":"instock","12":"taxable","13":"shipping-taxable","14":"purchasable","15":"product-type-simple"},"aioseo_notices":[],"yoast_head":"<!-- This site is optimized with the Yoast SEO plugin v27.5 - https:\/\/yoast.com\/product\/yoast-seo-wordpress\/ -->\n<title>O Principezinho<\/title>\n<meta name=\"robots\" content=\"index, follow, max-snippet:-1, max-image-preview:large, max-video-preview:-1\" \/>\n<link rel=\"canonical\" href=\"https:\/\/santuariodosameiro.pt\/loja\/produto\/livros\/infancia-juventude\/o-principezinho\/\" \/>\n<meta property=\"og:locale\" content=\"pt_PT\" \/>\n<meta property=\"og:type\" content=\"article\" \/>\n<meta property=\"og:title\" content=\"O Principezinho\" \/>\n<meta property=\"og:description\" content=\"Antoine de Saint - Exup\u00e9ry\" \/>\n<meta property=\"og:url\" content=\"https:\/\/santuariodosameiro.pt\/loja\/produto\/livros\/infancia-juventude\/o-principezinho\/\" \/>\n<meta property=\"og:site_name\" content=\"Loja oficial do Santu\u00e1rio do Sameiro\" \/>\n<meta property=\"article:modified_time\" content=\"2025-05-20T16:23:45+00:00\" \/>\n<meta property=\"og:image\" content=\"https:\/\/santuariodosameiro.pt\/loja\/wp-content\/uploads\/2023\/01\/005-004-502-22162-O-Principezinho_Santuario-do-Sameiro-Braga-Portugal-c.jpg\" \/>\n\t<meta property=\"og:image:width\" content=\"1000\" \/>\n\t<meta property=\"og:image:height\" content=\"1000\" \/>\n\t<meta property=\"og:image:type\" content=\"image\/jpeg\" \/>\n<meta name=\"twitter:card\" content=\"summary_large_image\" \/>\n<script type=\"application\/ld+json\" class=\"yoast-schema-graph\">{\"@context\":\"https:\\\/\\\/schema.org\",\"@graph\":[{\"@type\":\"WebPage\",\"@id\":\"https:\\\/\\\/santuariodosameiro.pt\\\/loja\\\/produto\\\/livros\\\/infancia-juventude\\\/o-principezinho\\\/\",\"url\":\"https:\\\/\\\/santuariodosameiro.pt\\\/loja\\\/produto\\\/livros\\\/infancia-juventude\\\/o-principezinho\\\/\",\"name\":\"O Principezinho\",\"isPartOf\":{\"@id\":\"https:\\\/\\\/santuariodosameiro.pt\\\/loja\\\/#website\"},\"primaryImageOfPage\":{\"@id\":\"https:\\\/\\\/santuariodosameiro.pt\\\/loja\\\/produto\\\/livros\\\/infancia-juventude\\\/o-principezinho\\\/#primaryimage\"},\"image\":{\"@id\":\"https:\\\/\\\/santuariodosameiro.pt\\\/loja\\\/produto\\\/livros\\\/infancia-juventude\\\/o-principezinho\\\/#primaryimage\"},\"thumbnailUrl\":\"https:\\\/\\\/santuariodosameiro.pt\\\/loja\\\/wp-content\\\/uploads\\\/2023\\\/01\\\/005-004-502-22162-O-Principezinho_Santuario-do-Sameiro-Braga-Portugal-c.jpg\",\"datePublished\":\"2023-01-01T17:27:57+00:00\",\"dateModified\":\"2025-05-20T16:23:45+00:00\",\"breadcrumb\":{\"@id\":\"https:\\\/\\\/santuariodosameiro.pt\\\/loja\\\/produto\\\/livros\\\/infancia-juventude\\\/o-principezinho\\\/#breadcrumb\"},\"inLanguage\":\"pt-PT\",\"potentialAction\":[{\"@type\":\"ReadAction\",\"target\":[\"https:\\\/\\\/santuariodosameiro.pt\\\/loja\\\/produto\\\/livros\\\/infancia-juventude\\\/o-principezinho\\\/\"]}]},{\"@type\":\"ImageObject\",\"inLanguage\":\"pt-PT\",\"@id\":\"https:\\\/\\\/santuariodosameiro.pt\\\/loja\\\/produto\\\/livros\\\/infancia-juventude\\\/o-principezinho\\\/#primaryimage\",\"url\":\"https:\\\/\\\/santuariodosameiro.pt\\\/loja\\\/wp-content\\\/uploads\\\/2023\\\/01\\\/005-004-502-22162-O-Principezinho_Santuario-do-Sameiro-Braga-Portugal-c.jpg\",\"contentUrl\":\"https:\\\/\\\/santuariodosameiro.pt\\\/loja\\\/wp-content\\\/uploads\\\/2023\\\/01\\\/005-004-502-22162-O-Principezinho_Santuario-do-Sameiro-Braga-Portugal-c.jpg\",\"width\":1000,\"height\":1000},{\"@type\":\"BreadcrumbList\",\"@id\":\"https:\\\/\\\/santuariodosameiro.pt\\\/loja\\\/produto\\\/livros\\\/infancia-juventude\\\/o-principezinho\\\/#breadcrumb\",\"itemListElement\":[{\"@type\":\"ListItem\",\"position\":1,\"name\":\"In\u00edcio\",\"item\":\"https:\\\/\\\/santuariodosameiro.pt\\\/loja\\\/\"},{\"@type\":\"ListItem\",\"position\":2,\"name\":\"Loja\",\"item\":\"https:\\\/\\\/santuariodosameiro.pt\\\/loja\\\/loja\\\/\"},{\"@type\":\"ListItem\",\"position\":3,\"name\":\"O Principezinho\"}]},{\"@type\":\"WebSite\",\"@id\":\"https:\\\/\\\/santuariodosameiro.pt\\\/loja\\\/#website\",\"url\":\"https:\\\/\\\/santuariodosameiro.pt\\\/loja\\\/\",\"name\":\"Loja oficial do Santu\u00e1rio do Sameiro\",\"description\":\"Recorda\u00e7\u00f5es com imagem de Nossa Senhora do Sameiro e do Santu\u00e1rio do Sameiro.\",\"potentialAction\":[{\"@type\":\"SearchAction\",\"target\":{\"@type\":\"EntryPoint\",\"urlTemplate\":\"https:\\\/\\\/santuariodosameiro.pt\\\/loja\\\/?s={search_term_string}\"},\"query-input\":{\"@type\":\"PropertyValueSpecification\",\"valueRequired\":true,\"valueName\":\"search_term_string\"}}],\"inLanguage\":\"pt-PT\"}]}<\/script>\n<!-- \/ Yoast SEO plugin. -->","yoast_head_json":{"title":"O Principezinho","robots":{"index":"index","follow":"follow","max-snippet":"max-snippet:-1","max-image-preview":"max-image-preview:large","max-video-preview":"max-video-preview:-1"},"canonical":"https:\/\/santuariodosameiro.pt\/loja\/produto\/livros\/infancia-juventude\/o-principezinho\/","og_locale":"pt_PT","og_type":"article","og_title":"O Principezinho","og_description":"Antoine de Saint - Exup\u00e9ry","og_url":"https:\/\/santuariodosameiro.pt\/loja\/produto\/livros\/infancia-juventude\/o-principezinho\/","og_site_name":"Loja oficial do Santu\u00e1rio do Sameiro","article_modified_time":"2025-05-20T16:23:45+00:00","og_image":[{"width":1000,"height":1000,"url":"https:\/\/santuariodosameiro.pt\/loja\/wp-content\/uploads\/2023\/01\/005-004-502-22162-O-Principezinho_Santuario-do-Sameiro-Braga-Portugal-c.jpg","type":"image\/jpeg"}],"twitter_card":"summary_large_image","schema":{"@context":"https:\/\/schema.org","@graph":[{"@type":"WebPage","@id":"https:\/\/santuariodosameiro.pt\/loja\/produto\/livros\/infancia-juventude\/o-principezinho\/","url":"https:\/\/santuariodosameiro.pt\/loja\/produto\/livros\/infancia-juventude\/o-principezinho\/","name":"O Principezinho","isPartOf":{"@id":"https:\/\/santuariodosameiro.pt\/loja\/#website"},"primaryImageOfPage":{"@id":"https:\/\/santuariodosameiro.pt\/loja\/produto\/livros\/infancia-juventude\/o-principezinho\/#primaryimage"},"image":{"@id":"https:\/\/santuariodosameiro.pt\/loja\/produto\/livros\/infancia-juventude\/o-principezinho\/#primaryimage"},"thumbnailUrl":"https:\/\/santuariodosameiro.pt\/loja\/wp-content\/uploads\/2023\/01\/005-004-502-22162-O-Principezinho_Santuario-do-Sameiro-Braga-Portugal-c.jpg","datePublished":"2023-01-01T17:27:57+00:00","dateModified":"2025-05-20T16:23:45+00:00","breadcrumb":{"@id":"https:\/\/santuariodosameiro.pt\/loja\/produto\/livros\/infancia-juventude\/o-principezinho\/#breadcrumb"},"inLanguage":"pt-PT","potentialAction":[{"@type":"ReadAction","target":["https:\/\/santuariodosameiro.pt\/loja\/produto\/livros\/infancia-juventude\/o-principezinho\/"]}]},{"@type":"ImageObject","inLanguage":"pt-PT","@id":"https:\/\/santuariodosameiro.pt\/loja\/produto\/livros\/infancia-juventude\/o-principezinho\/#primaryimage","url":"https:\/\/santuariodosameiro.pt\/loja\/wp-content\/uploads\/2023\/01\/005-004-502-22162-O-Principezinho_Santuario-do-Sameiro-Braga-Portugal-c.jpg","contentUrl":"https:\/\/santuariodosameiro.pt\/loja\/wp-content\/uploads\/2023\/01\/005-004-502-22162-O-Principezinho_Santuario-do-Sameiro-Braga-Portugal-c.jpg","width":1000,"height":1000},{"@type":"BreadcrumbList","@id":"https:\/\/santuariodosameiro.pt\/loja\/produto\/livros\/infancia-juventude\/o-principezinho\/#breadcrumb","itemListElement":[{"@type":"ListItem","position":1,"name":"In\u00edcio","item":"https:\/\/santuariodosameiro.pt\/loja\/"},{"@type":"ListItem","position":2,"name":"Loja","item":"https:\/\/santuariodosameiro.pt\/loja\/loja\/"},{"@type":"ListItem","position":3,"name":"O Principezinho"}]},{"@type":"WebSite","@id":"https:\/\/santuariodosameiro.pt\/loja\/#website","url":"https:\/\/santuariodosameiro.pt\/loja\/","name":"Loja oficial do Santu\u00e1rio do Sameiro","description":"Recorda\u00e7\u00f5es com imagem de Nossa Senhora do Sameiro e do Santu\u00e1rio do Sameiro.","potentialAction":[{"@type":"SearchAction","target":{"@type":"EntryPoint","urlTemplate":"https:\/\/santuariodosameiro.pt\/loja\/?s={search_term_string}"},"query-input":{"@type":"PropertyValueSpecification","valueRequired":true,"valueName":"search_term_string"}}],"inLanguage":"pt-PT"}]}},"wcol_rules":[],"jetpack-related-posts":[],"jetpack_sharing_enabled":true,"_links":{"self":[{"href":"https:\/\/santuariodosameiro.pt\/loja\/wp-json\/wp\/v2\/product\/20485","targetHints":{"allow":["GET"]}}],"collection":[{"href":"https:\/\/santuariodosameiro.pt\/loja\/wp-json\/wp\/v2\/product"}],"about":[{"href":"https:\/\/santuariodosameiro.pt\/loja\/wp-json\/wp\/v2\/types\/product"}],"wp:featuredmedia":[{"embeddable":true,"href":"https:\/\/santuariodosameiro.pt\/loja\/wp-json\/wp\/v2\/media\/20486"}],"wp:attachment":[{"href":"https:\/\/santuariodosameiro.pt\/loja\/wp-json\/wp\/v2\/media?parent=20485"}],"wp:term":[{"taxonomy":"product_brand","embeddable":true,"href":"https:\/\/santuariodosameiro.pt\/loja\/wp-json\/wp\/v2\/product_brand?post=20485"},{"taxonomy":"product_cat","embeddable":true,"href":"https:\/\/santuariodosameiro.pt\/loja\/wp-json\/wp\/v2\/product_cat?post=20485"},{"taxonomy":"product_tag","embeddable":true,"href":"https:\/\/santuariodosameiro.pt\/loja\/wp-json\/wp\/v2\/product_tag?post=20485"}],"curies":[{"name":"wp","href":"https:\/\/api.w.org\/{rel}","templated":true}]}}