{"id":21509,"date":"2023-03-01T19:10:32","date_gmt":"2023-03-01T19:10:32","guid":{"rendered":"https:\/\/santuariodosameiro.pt\/loja\/?post_type=product&#038;p=21509"},"modified":"2024-01-12T11:09:11","modified_gmt":"2024-01-12T11:09:11","slug":"nota-euro-souvenir","status":"publish","type":"product","link":"https:\/\/santuariodosameiro.pt\/loja\/produto\/recordacoes\/nota\/nota-euro-souvenir\/","title":{"rendered":"Nota Euro Souvenir"},"content":{"rendered":"<p>Nota Euro Souvenir, nota de recorda\u00e7\u00e3o para quem visita o Sameiro em Braga. Esta nota tamb\u00e9m \u00e9 muito apreciada por grandes colecionadores. Tem gravada, na frente, a imagem da Nossa Senhora do Sameiro e do Santu\u00e1rio do Sameiro e, no verso, as imagens de grandes monumentos mundiais, tais como: a Torre-Eiffel, o Coliseu de Roma, a Sagrada Fam\u00edlia em Barcelona (&#8230;)<\/p>\n","protected":false},"excerpt":{"rendered":"<p>Nota Euro Souvenir, nota de recorda\u00e7\u00e3o para quem visita o Sameiro em Braga. Esta nota tamb\u00e9m \u00e9 muito apreciada por grandes colecionadores. Tem gravada, na frente, a imagem da Nossa Senhora do Sameiro e do Santu\u00e1rio do Sameiro e, no verso, as imagens de grandes monumentos mundiais, tais como: a Torre-Eiffel, o Coliseu de Roma, [&hellip;]<\/p>\n","protected":false},"featured_media":21515,"template":"","meta":{"om_disable_all_campaigns":false,"_monsterinsights_skip_tracking":false,"_monsterinsights_sitenote_active":false,"_monsterinsights_sitenote_note":"","_monsterinsights_sitenote_category":0},"product_brand":[],"product_cat":[327,154],"product_tag":[],"class_list":{"0":"post-21509","1":"product","2":"type-product","3":"status-publish","4":"has-post-thumbnail","6":"product_cat-nota","7":"product_cat-recordacoes","8":"tm-no-options","10":"first","11":"instock","12":"taxable","13":"shipping-taxable","14":"purchasable","15":"product-type-simple"},"aioseo_notices":[],"yoast_head":"<!-- This site is optimized with the Yoast SEO plugin v27.5 - https:\/\/yoast.com\/product\/yoast-seo-wordpress\/ -->\n<title>Nota Euro Souvenir<\/title>\n<meta name=\"robots\" content=\"index, follow, max-snippet:-1, max-image-preview:large, max-video-preview:-1\" \/>\n<link rel=\"canonical\" href=\"https:\/\/santuariodosameiro.pt\/loja\/produto\/papelaria\/nota\/nota-euro-souvenir\/\" \/>\n<meta property=\"og:locale\" content=\"pt_PT\" \/>\n<meta property=\"og:type\" content=\"article\" \/>\n<meta property=\"og:title\" content=\"Nota Euro Souvenir\" \/>\n<meta property=\"og:description\" content=\"Nota Euro Souvenir, nota de recorda\u00e7\u00e3o para quem visita o Sameiro em Braga. Esta nota tamb\u00e9m \u00e9 muito apreciada por grandes colecionadores. Tem gravada, na frente, a imagem da Nossa Senhora do Sameiro e do Santu\u00e1rio do Sameiro e, no verso, as imagens de grandes monumentos mundiais, tais como: a Torre-Eiffel, o Coliseu de Roma, [&hellip;]\" \/>\n<meta property=\"og:url\" content=\"https:\/\/santuariodosameiro.pt\/loja\/produto\/papelaria\/nota\/nota-euro-souvenir\/\" \/>\n<meta property=\"og:site_name\" content=\"Loja oficial do Santu\u00e1rio do Sameiro\" \/>\n<meta property=\"article:modified_time\" content=\"2024-01-12T11:09:11+00:00\" \/>\n<meta property=\"og:image\" content=\"https:\/\/santuariodosameiro.pt\/loja\/wp-content\/uploads\/2023\/03\/006-014-536-0EURO-Santuario-do-Sameiro-Braga-Portugal.frente.jpg\" \/>\n\t<meta property=\"og:image:width\" content=\"1000\" \/>\n\t<meta property=\"og:image:height\" content=\"1000\" \/>\n\t<meta property=\"og:image:type\" content=\"image\/jpeg\" \/>\n<meta name=\"twitter:card\" content=\"summary_large_image\" \/>\n<meta name=\"twitter:label1\" content=\"Tempo estimado de leitura\" \/>\n\t<meta name=\"twitter:data1\" content=\"1 minuto\" \/>\n<script type=\"application\/ld+json\" class=\"yoast-schema-graph\">{\"@context\":\"https:\\\/\\\/schema.org\",\"@graph\":[{\"@type\":\"WebPage\",\"@id\":\"https:\\\/\\\/santuariodosameiro.pt\\\/loja\\\/produto\\\/papelaria\\\/nota\\\/nota-euro-souvenir\\\/\",\"url\":\"https:\\\/\\\/santuariodosameiro.pt\\\/loja\\\/produto\\\/papelaria\\\/nota\\\/nota-euro-souvenir\\\/\",\"name\":\"Nota Euro Souvenir\",\"isPartOf\":{\"@id\":\"https:\\\/\\\/santuariodosameiro.pt\\\/loja\\\/#website\"},\"primaryImageOfPage\":{\"@id\":\"https:\\\/\\\/santuariodosameiro.pt\\\/loja\\\/produto\\\/papelaria\\\/nota\\\/nota-euro-souvenir\\\/#primaryimage\"},\"image\":{\"@id\":\"https:\\\/\\\/santuariodosameiro.pt\\\/loja\\\/produto\\\/papelaria\\\/nota\\\/nota-euro-souvenir\\\/#primaryimage\"},\"thumbnailUrl\":\"https:\\\/\\\/santuariodosameiro.pt\\\/loja\\\/wp-content\\\/uploads\\\/2023\\\/03\\\/006-014-536-0EURO-Santuario-do-Sameiro-Braga-Portugal.frente.jpg\",\"datePublished\":\"2023-03-01T19:10:32+00:00\",\"dateModified\":\"2024-01-12T11:09:11+00:00\",\"breadcrumb\":{\"@id\":\"https:\\\/\\\/santuariodosameiro.pt\\\/loja\\\/produto\\\/papelaria\\\/nota\\\/nota-euro-souvenir\\\/#breadcrumb\"},\"inLanguage\":\"pt-PT\",\"potentialAction\":[{\"@type\":\"ReadAction\",\"target\":[\"https:\\\/\\\/santuariodosameiro.pt\\\/loja\\\/produto\\\/papelaria\\\/nota\\\/nota-euro-souvenir\\\/\"]}]},{\"@type\":\"ImageObject\",\"inLanguage\":\"pt-PT\",\"@id\":\"https:\\\/\\\/santuariodosameiro.pt\\\/loja\\\/produto\\\/papelaria\\\/nota\\\/nota-euro-souvenir\\\/#primaryimage\",\"url\":\"https:\\\/\\\/santuariodosameiro.pt\\\/loja\\\/wp-content\\\/uploads\\\/2023\\\/03\\\/006-014-536-0EURO-Santuario-do-Sameiro-Braga-Portugal.frente.jpg\",\"contentUrl\":\"https:\\\/\\\/santuariodosameiro.pt\\\/loja\\\/wp-content\\\/uploads\\\/2023\\\/03\\\/006-014-536-0EURO-Santuario-do-Sameiro-Braga-Portugal.frente.jpg\",\"width\":1000,\"height\":1000},{\"@type\":\"BreadcrumbList\",\"@id\":\"https:\\\/\\\/santuariodosameiro.pt\\\/loja\\\/produto\\\/papelaria\\\/nota\\\/nota-euro-souvenir\\\/#breadcrumb\",\"itemListElement\":[{\"@type\":\"ListItem\",\"position\":1,\"name\":\"In\u00edcio\",\"item\":\"https:\\\/\\\/santuariodosameiro.pt\\\/loja\\\/\"},{\"@type\":\"ListItem\",\"position\":2,\"name\":\"Loja\",\"item\":\"https:\\\/\\\/santuariodosameiro.pt\\\/loja\\\/loja\\\/\"},{\"@type\":\"ListItem\",\"position\":3,\"name\":\"Nota Euro Souvenir\"}]},{\"@type\":\"WebSite\",\"@id\":\"https:\\\/\\\/santuariodosameiro.pt\\\/loja\\\/#website\",\"url\":\"https:\\\/\\\/santuariodosameiro.pt\\\/loja\\\/\",\"name\":\"Loja oficial do Santu\u00e1rio do Sameiro\",\"description\":\"Recorda\u00e7\u00f5es com imagem de Nossa Senhora do Sameiro e do Santu\u00e1rio do Sameiro.\",\"potentialAction\":[{\"@type\":\"SearchAction\",\"target\":{\"@type\":\"EntryPoint\",\"urlTemplate\":\"https:\\\/\\\/santuariodosameiro.pt\\\/loja\\\/?s={search_term_string}\"},\"query-input\":{\"@type\":\"PropertyValueSpecification\",\"valueRequired\":true,\"valueName\":\"search_term_string\"}}],\"inLanguage\":\"pt-PT\"}]}<\/script>\n<!-- \/ Yoast SEO plugin. -->","yoast_head_json":{"title":"Nota Euro Souvenir","robots":{"index":"index","follow":"follow","max-snippet":"max-snippet:-1","max-image-preview":"max-image-preview:large","max-video-preview":"max-video-preview:-1"},"canonical":"https:\/\/santuariodosameiro.pt\/loja\/produto\/papelaria\/nota\/nota-euro-souvenir\/","og_locale":"pt_PT","og_type":"article","og_title":"Nota Euro Souvenir","og_description":"Nota Euro Souvenir, nota de recorda\u00e7\u00e3o para quem visita o Sameiro em Braga. Esta nota tamb\u00e9m \u00e9 muito apreciada por grandes colecionadores. Tem gravada, na frente, a imagem da Nossa Senhora do Sameiro e do Santu\u00e1rio do Sameiro e, no verso, as imagens de grandes monumentos mundiais, tais como: a Torre-Eiffel, o Coliseu de Roma, [&hellip;]","og_url":"https:\/\/santuariodosameiro.pt\/loja\/produto\/papelaria\/nota\/nota-euro-souvenir\/","og_site_name":"Loja oficial do Santu\u00e1rio do Sameiro","article_modified_time":"2024-01-12T11:09:11+00:00","og_image":[{"width":1000,"height":1000,"url":"https:\/\/santuariodosameiro.pt\/loja\/wp-content\/uploads\/2023\/03\/006-014-536-0EURO-Santuario-do-Sameiro-Braga-Portugal.frente.jpg","type":"image\/jpeg"}],"twitter_card":"summary_large_image","twitter_misc":{"Tempo estimado de leitura":"1 minuto"},"schema":{"@context":"https:\/\/schema.org","@graph":[{"@type":"WebPage","@id":"https:\/\/santuariodosameiro.pt\/loja\/produto\/papelaria\/nota\/nota-euro-souvenir\/","url":"https:\/\/santuariodosameiro.pt\/loja\/produto\/papelaria\/nota\/nota-euro-souvenir\/","name":"Nota Euro Souvenir","isPartOf":{"@id":"https:\/\/santuariodosameiro.pt\/loja\/#website"},"primaryImageOfPage":{"@id":"https:\/\/santuariodosameiro.pt\/loja\/produto\/papelaria\/nota\/nota-euro-souvenir\/#primaryimage"},"image":{"@id":"https:\/\/santuariodosameiro.pt\/loja\/produto\/papelaria\/nota\/nota-euro-souvenir\/#primaryimage"},"thumbnailUrl":"https:\/\/santuariodosameiro.pt\/loja\/wp-content\/uploads\/2023\/03\/006-014-536-0EURO-Santuario-do-Sameiro-Braga-Portugal.frente.jpg","datePublished":"2023-03-01T19:10:32+00:00","dateModified":"2024-01-12T11:09:11+00:00","breadcrumb":{"@id":"https:\/\/santuariodosameiro.pt\/loja\/produto\/papelaria\/nota\/nota-euro-souvenir\/#breadcrumb"},"inLanguage":"pt-PT","potentialAction":[{"@type":"ReadAction","target":["https:\/\/santuariodosameiro.pt\/loja\/produto\/papelaria\/nota\/nota-euro-souvenir\/"]}]},{"@type":"ImageObject","inLanguage":"pt-PT","@id":"https:\/\/santuariodosameiro.pt\/loja\/produto\/papelaria\/nota\/nota-euro-souvenir\/#primaryimage","url":"https:\/\/santuariodosameiro.pt\/loja\/wp-content\/uploads\/2023\/03\/006-014-536-0EURO-Santuario-do-Sameiro-Braga-Portugal.frente.jpg","contentUrl":"https:\/\/santuariodosameiro.pt\/loja\/wp-content\/uploads\/2023\/03\/006-014-536-0EURO-Santuario-do-Sameiro-Braga-Portugal.frente.jpg","width":1000,"height":1000},{"@type":"BreadcrumbList","@id":"https:\/\/santuariodosameiro.pt\/loja\/produto\/papelaria\/nota\/nota-euro-souvenir\/#breadcrumb","itemListElement":[{"@type":"ListItem","position":1,"name":"In\u00edcio","item":"https:\/\/santuariodosameiro.pt\/loja\/"},{"@type":"ListItem","position":2,"name":"Loja","item":"https:\/\/santuariodosameiro.pt\/loja\/loja\/"},{"@type":"ListItem","position":3,"name":"Nota Euro Souvenir"}]},{"@type":"WebSite","@id":"https:\/\/santuariodosameiro.pt\/loja\/#website","url":"https:\/\/santuariodosameiro.pt\/loja\/","name":"Loja oficial do Santu\u00e1rio do Sameiro","description":"Recorda\u00e7\u00f5es com imagem de Nossa Senhora do Sameiro e do Santu\u00e1rio do Sameiro.","potentialAction":[{"@type":"SearchAction","target":{"@type":"EntryPoint","urlTemplate":"https:\/\/santuariodosameiro.pt\/loja\/?s={search_term_string}"},"query-input":{"@type":"PropertyValueSpecification","valueRequired":true,"valueName":"search_term_string"}}],"inLanguage":"pt-PT"}]}},"wcol_rules":[],"jetpack-related-posts":[],"jetpack_sharing_enabled":true,"_links":{"self":[{"href":"https:\/\/santuariodosameiro.pt\/loja\/wp-json\/wp\/v2\/product\/21509","targetHints":{"allow":["GET"]}}],"collection":[{"href":"https:\/\/santuariodosameiro.pt\/loja\/wp-json\/wp\/v2\/product"}],"about":[{"href":"https:\/\/santuariodosameiro.pt\/loja\/wp-json\/wp\/v2\/types\/product"}],"wp:featuredmedia":[{"embeddable":true,"href":"https:\/\/santuariodosameiro.pt\/loja\/wp-json\/wp\/v2\/media\/21515"}],"wp:attachment":[{"href":"https:\/\/santuariodosameiro.pt\/loja\/wp-json\/wp\/v2\/media?parent=21509"}],"wp:term":[{"taxonomy":"product_brand","embeddable":true,"href":"https:\/\/santuariodosameiro.pt\/loja\/wp-json\/wp\/v2\/product_brand?post=21509"},{"taxonomy":"product_cat","embeddable":true,"href":"https:\/\/santuariodosameiro.pt\/loja\/wp-json\/wp\/v2\/product_cat?post=21509"},{"taxonomy":"product_tag","embeddable":true,"href":"https:\/\/santuariodosameiro.pt\/loja\/wp-json\/wp\/v2\/product_tag?post=21509"}],"curies":[{"name":"wp","href":"https:\/\/api.w.org\/{rel}","templated":true}]}}