{"id":22006,"date":"2023-03-01T15:22:41","date_gmt":"2023-03-01T15:22:41","guid":{"rendered":"https:\/\/santuariodosameiro.pt\/loja\/?post_type=product&#038;p=22006"},"modified":"2024-06-07T09:30:46","modified_gmt":"2024-06-07T09:30:46","slug":"esferografica-azul-de-plastico","status":"publish","type":"product","link":"https:\/\/santuariodosameiro.pt\/loja\/produto\/papelaria\/canetas-e-esferograficas\/esferografica-azul-de-plastico\/","title":{"rendered":"Esferogr\u00e1fica azul de pl\u00e1stico"},"content":{"rendered":"","protected":false},"excerpt":{"rendered":"<p>Esferogr\u00e1fica azul de pl\u00e1stico com grava\u00e7\u00e3o a lazer, Santu\u00e1rio do Sameiro.<\/p>\n","protected":false},"featured_media":22007,"template":"","meta":{"om_disable_all_campaigns":false,"_monsterinsights_skip_tracking":false,"_monsterinsights_sitenote_active":false,"_monsterinsights_sitenote_note":"","_monsterinsights_sitenote_category":0},"product_brand":[],"product_cat":[317,195,70],"product_tag":[],"class_list":{"0":"post-22006","1":"product","2":"type-product","3":"status-publish","4":"has-post-thumbnail","6":"product_cat-exclusivos","7":"product_cat-canetas-e-esferograficas","8":"product_cat-papelaria","9":"tm-no-options","11":"first","12":"outofstock","13":"taxable","14":"shipping-taxable","15":"purchasable","16":"product-type-simple"},"aioseo_notices":[],"yoast_head":"<!-- This site is optimized with the Yoast SEO plugin v27.5 - https:\/\/yoast.com\/product\/yoast-seo-wordpress\/ -->\n<title>Esferogr\u00e1fica azul de pl\u00e1stico<\/title>\n<meta name=\"robots\" content=\"index, follow, max-snippet:-1, max-image-preview:large, max-video-preview:-1\" \/>\n<link rel=\"canonical\" href=\"https:\/\/santuariodosameiro.pt\/loja\/produto\/papelaria\/canetas-e-esferograficas\/esferografica-azul-de-plastico\/\" \/>\n<meta property=\"og:locale\" content=\"pt_PT\" \/>\n<meta property=\"og:type\" content=\"article\" \/>\n<meta property=\"og:title\" content=\"Esferogr\u00e1fica azul de pl\u00e1stico\" \/>\n<meta property=\"og:description\" content=\"Esferogr\u00e1fica azul de pl\u00e1stico com grava\u00e7\u00e3o a lazer, Santu\u00e1rio do Sameiro.\" \/>\n<meta property=\"og:url\" content=\"https:\/\/santuariodosameiro.pt\/loja\/produto\/papelaria\/canetas-e-esferograficas\/esferografica-azul-de-plastico\/\" \/>\n<meta property=\"og:site_name\" content=\"Loja oficial do Santu\u00e1rio do Sameiro\" \/>\n<meta property=\"article:modified_time\" content=\"2024-06-07T09:30:46+00:00\" \/>\n<meta property=\"og:image\" content=\"https:\/\/santuariodosameiro.pt\/loja\/wp-content\/uploads\/2023\/06\/006-015-517-5070-Esferografica-azul-Santuario-do-Sameiro-Braga-Portugal-2.jpg\" \/>\n\t<meta property=\"og:image:width\" content=\"1000\" \/>\n\t<meta property=\"og:image:height\" content=\"1000\" \/>\n\t<meta property=\"og:image:type\" content=\"image\/jpeg\" \/>\n<meta name=\"twitter:card\" content=\"summary_large_image\" \/>\n<script type=\"application\/ld+json\" class=\"yoast-schema-graph\">{\"@context\":\"https:\\\/\\\/schema.org\",\"@graph\":[{\"@type\":\"WebPage\",\"@id\":\"https:\\\/\\\/santuariodosameiro.pt\\\/loja\\\/produto\\\/papelaria\\\/canetas-e-esferograficas\\\/esferografica-azul-de-plastico\\\/\",\"url\":\"https:\\\/\\\/santuariodosameiro.pt\\\/loja\\\/produto\\\/papelaria\\\/canetas-e-esferograficas\\\/esferografica-azul-de-plastico\\\/\",\"name\":\"Esferogr\u00e1fica azul de pl\u00e1stico\",\"isPartOf\":{\"@id\":\"https:\\\/\\\/santuariodosameiro.pt\\\/loja\\\/#website\"},\"primaryImageOfPage\":{\"@id\":\"https:\\\/\\\/santuariodosameiro.pt\\\/loja\\\/produto\\\/papelaria\\\/canetas-e-esferograficas\\\/esferografica-azul-de-plastico\\\/#primaryimage\"},\"image\":{\"@id\":\"https:\\\/\\\/santuariodosameiro.pt\\\/loja\\\/produto\\\/papelaria\\\/canetas-e-esferograficas\\\/esferografica-azul-de-plastico\\\/#primaryimage\"},\"thumbnailUrl\":\"https:\\\/\\\/santuariodosameiro.pt\\\/loja\\\/wp-content\\\/uploads\\\/2023\\\/06\\\/006-015-517-5070-Esferografica-azul-Santuario-do-Sameiro-Braga-Portugal-2.jpg\",\"datePublished\":\"2023-03-01T15:22:41+00:00\",\"dateModified\":\"2024-06-07T09:30:46+00:00\",\"breadcrumb\":{\"@id\":\"https:\\\/\\\/santuariodosameiro.pt\\\/loja\\\/produto\\\/papelaria\\\/canetas-e-esferograficas\\\/esferografica-azul-de-plastico\\\/#breadcrumb\"},\"inLanguage\":\"pt-PT\",\"potentialAction\":[{\"@type\":\"ReadAction\",\"target\":[\"https:\\\/\\\/santuariodosameiro.pt\\\/loja\\\/produto\\\/papelaria\\\/canetas-e-esferograficas\\\/esferografica-azul-de-plastico\\\/\"]}]},{\"@type\":\"ImageObject\",\"inLanguage\":\"pt-PT\",\"@id\":\"https:\\\/\\\/santuariodosameiro.pt\\\/loja\\\/produto\\\/papelaria\\\/canetas-e-esferograficas\\\/esferografica-azul-de-plastico\\\/#primaryimage\",\"url\":\"https:\\\/\\\/santuariodosameiro.pt\\\/loja\\\/wp-content\\\/uploads\\\/2023\\\/06\\\/006-015-517-5070-Esferografica-azul-Santuario-do-Sameiro-Braga-Portugal-2.jpg\",\"contentUrl\":\"https:\\\/\\\/santuariodosameiro.pt\\\/loja\\\/wp-content\\\/uploads\\\/2023\\\/06\\\/006-015-517-5070-Esferografica-azul-Santuario-do-Sameiro-Braga-Portugal-2.jpg\",\"width\":1000,\"height\":1000},{\"@type\":\"BreadcrumbList\",\"@id\":\"https:\\\/\\\/santuariodosameiro.pt\\\/loja\\\/produto\\\/papelaria\\\/canetas-e-esferograficas\\\/esferografica-azul-de-plastico\\\/#breadcrumb\",\"itemListElement\":[{\"@type\":\"ListItem\",\"position\":1,\"name\":\"In\u00edcio\",\"item\":\"https:\\\/\\\/santuariodosameiro.pt\\\/loja\\\/\"},{\"@type\":\"ListItem\",\"position\":2,\"name\":\"Loja\",\"item\":\"https:\\\/\\\/santuariodosameiro.pt\\\/loja\\\/loja\\\/\"},{\"@type\":\"ListItem\",\"position\":3,\"name\":\"Esferogr\u00e1fica azul de pl\u00e1stico\"}]},{\"@type\":\"WebSite\",\"@id\":\"https:\\\/\\\/santuariodosameiro.pt\\\/loja\\\/#website\",\"url\":\"https:\\\/\\\/santuariodosameiro.pt\\\/loja\\\/\",\"name\":\"Loja oficial do Santu\u00e1rio do Sameiro\",\"description\":\"Recorda\u00e7\u00f5es com imagem de Nossa Senhora do Sameiro e do Santu\u00e1rio do Sameiro.\",\"potentialAction\":[{\"@type\":\"SearchAction\",\"target\":{\"@type\":\"EntryPoint\",\"urlTemplate\":\"https:\\\/\\\/santuariodosameiro.pt\\\/loja\\\/?s={search_term_string}\"},\"query-input\":{\"@type\":\"PropertyValueSpecification\",\"valueRequired\":true,\"valueName\":\"search_term_string\"}}],\"inLanguage\":\"pt-PT\"}]}<\/script>\n<!-- \/ Yoast SEO plugin. -->","yoast_head_json":{"title":"Esferogr\u00e1fica azul de pl\u00e1stico","robots":{"index":"index","follow":"follow","max-snippet":"max-snippet:-1","max-image-preview":"max-image-preview:large","max-video-preview":"max-video-preview:-1"},"canonical":"https:\/\/santuariodosameiro.pt\/loja\/produto\/papelaria\/canetas-e-esferograficas\/esferografica-azul-de-plastico\/","og_locale":"pt_PT","og_type":"article","og_title":"Esferogr\u00e1fica azul de pl\u00e1stico","og_description":"Esferogr\u00e1fica azul de pl\u00e1stico com grava\u00e7\u00e3o a lazer, Santu\u00e1rio do Sameiro.","og_url":"https:\/\/santuariodosameiro.pt\/loja\/produto\/papelaria\/canetas-e-esferograficas\/esferografica-azul-de-plastico\/","og_site_name":"Loja oficial do Santu\u00e1rio do Sameiro","article_modified_time":"2024-06-07T09:30:46+00:00","og_image":[{"width":1000,"height":1000,"url":"https:\/\/santuariodosameiro.pt\/loja\/wp-content\/uploads\/2023\/06\/006-015-517-5070-Esferografica-azul-Santuario-do-Sameiro-Braga-Portugal-2.jpg","type":"image\/jpeg"}],"twitter_card":"summary_large_image","schema":{"@context":"https:\/\/schema.org","@graph":[{"@type":"WebPage","@id":"https:\/\/santuariodosameiro.pt\/loja\/produto\/papelaria\/canetas-e-esferograficas\/esferografica-azul-de-plastico\/","url":"https:\/\/santuariodosameiro.pt\/loja\/produto\/papelaria\/canetas-e-esferograficas\/esferografica-azul-de-plastico\/","name":"Esferogr\u00e1fica azul de pl\u00e1stico","isPartOf":{"@id":"https:\/\/santuariodosameiro.pt\/loja\/#website"},"primaryImageOfPage":{"@id":"https:\/\/santuariodosameiro.pt\/loja\/produto\/papelaria\/canetas-e-esferograficas\/esferografica-azul-de-plastico\/#primaryimage"},"image":{"@id":"https:\/\/santuariodosameiro.pt\/loja\/produto\/papelaria\/canetas-e-esferograficas\/esferografica-azul-de-plastico\/#primaryimage"},"thumbnailUrl":"https:\/\/santuariodosameiro.pt\/loja\/wp-content\/uploads\/2023\/06\/006-015-517-5070-Esferografica-azul-Santuario-do-Sameiro-Braga-Portugal-2.jpg","datePublished":"2023-03-01T15:22:41+00:00","dateModified":"2024-06-07T09:30:46+00:00","breadcrumb":{"@id":"https:\/\/santuariodosameiro.pt\/loja\/produto\/papelaria\/canetas-e-esferograficas\/esferografica-azul-de-plastico\/#breadcrumb"},"inLanguage":"pt-PT","potentialAction":[{"@type":"ReadAction","target":["https:\/\/santuariodosameiro.pt\/loja\/produto\/papelaria\/canetas-e-esferograficas\/esferografica-azul-de-plastico\/"]}]},{"@type":"ImageObject","inLanguage":"pt-PT","@id":"https:\/\/santuariodosameiro.pt\/loja\/produto\/papelaria\/canetas-e-esferograficas\/esferografica-azul-de-plastico\/#primaryimage","url":"https:\/\/santuariodosameiro.pt\/loja\/wp-content\/uploads\/2023\/06\/006-015-517-5070-Esferografica-azul-Santuario-do-Sameiro-Braga-Portugal-2.jpg","contentUrl":"https:\/\/santuariodosameiro.pt\/loja\/wp-content\/uploads\/2023\/06\/006-015-517-5070-Esferografica-azul-Santuario-do-Sameiro-Braga-Portugal-2.jpg","width":1000,"height":1000},{"@type":"BreadcrumbList","@id":"https:\/\/santuariodosameiro.pt\/loja\/produto\/papelaria\/canetas-e-esferograficas\/esferografica-azul-de-plastico\/#breadcrumb","itemListElement":[{"@type":"ListItem","position":1,"name":"In\u00edcio","item":"https:\/\/santuariodosameiro.pt\/loja\/"},{"@type":"ListItem","position":2,"name":"Loja","item":"https:\/\/santuariodosameiro.pt\/loja\/loja\/"},{"@type":"ListItem","position":3,"name":"Esferogr\u00e1fica azul de pl\u00e1stico"}]},{"@type":"WebSite","@id":"https:\/\/santuariodosameiro.pt\/loja\/#website","url":"https:\/\/santuariodosameiro.pt\/loja\/","name":"Loja oficial do Santu\u00e1rio do Sameiro","description":"Recorda\u00e7\u00f5es com imagem de Nossa Senhora do Sameiro e do Santu\u00e1rio do Sameiro.","potentialAction":[{"@type":"SearchAction","target":{"@type":"EntryPoint","urlTemplate":"https:\/\/santuariodosameiro.pt\/loja\/?s={search_term_string}"},"query-input":{"@type":"PropertyValueSpecification","valueRequired":true,"valueName":"search_term_string"}}],"inLanguage":"pt-PT"}]}},"wcol_rules":[],"jetpack-related-posts":[],"jetpack_sharing_enabled":true,"_links":{"self":[{"href":"https:\/\/santuariodosameiro.pt\/loja\/wp-json\/wp\/v2\/product\/22006","targetHints":{"allow":["GET"]}}],"collection":[{"href":"https:\/\/santuariodosameiro.pt\/loja\/wp-json\/wp\/v2\/product"}],"about":[{"href":"https:\/\/santuariodosameiro.pt\/loja\/wp-json\/wp\/v2\/types\/product"}],"wp:featuredmedia":[{"embeddable":true,"href":"https:\/\/santuariodosameiro.pt\/loja\/wp-json\/wp\/v2\/media\/22007"}],"wp:attachment":[{"href":"https:\/\/santuariodosameiro.pt\/loja\/wp-json\/wp\/v2\/media?parent=22006"}],"wp:term":[{"taxonomy":"product_brand","embeddable":true,"href":"https:\/\/santuariodosameiro.pt\/loja\/wp-json\/wp\/v2\/product_brand?post=22006"},{"taxonomy":"product_cat","embeddable":true,"href":"https:\/\/santuariodosameiro.pt\/loja\/wp-json\/wp\/v2\/product_cat?post=22006"},{"taxonomy":"product_tag","embeddable":true,"href":"https:\/\/santuariodosameiro.pt\/loja\/wp-json\/wp\/v2\/product_tag?post=22006"}],"curies":[{"name":"wp","href":"https:\/\/api.w.org\/{rel}","templated":true}]}}