{"id":24519,"date":"2025-09-19T09:18:30","date_gmt":"2025-09-19T09:18:30","guid":{"rendered":"https:\/\/santuariodosameiro.pt\/loja\/?post_type=product&#038;p=24519"},"modified":"2026-04-20T14:26:32","modified_gmt":"2026-04-20T14:26:32","slug":"o-evangelho-secreto-da-virgem-maria","status":"publish","type":"product","link":"https:\/\/santuariodosameiro.pt\/loja\/produto\/livros\/instrumentos-pastorais\/o-evangelho-secreto-da-virgem-maria\/","title":{"rendered":"O Evangelho secreto da Virgem Maria"},"content":{"rendered":"","protected":false},"excerpt":{"rendered":"","protected":false},"featured_media":24520,"template":"","meta":{"om_disable_all_campaigns":false,"_monsterinsights_skip_tracking":false,"_monsterinsights_sitenote_active":false,"_monsterinsights_sitenote_note":"","_monsterinsights_sitenote_category":0},"product_brand":[],"product_cat":[275,45],"product_tag":[],"class_list":{"0":"post-24519","1":"product","2":"type-product","3":"status-publish","4":"has-post-thumbnail","6":"product_cat-instrumentos-pastorais","7":"product_cat-livros","8":"tm-no-options","10":"first","11":"instock","12":"taxable","13":"shipping-taxable","14":"purchasable","15":"product-type-simple"},"aioseo_notices":[],"yoast_head":"<!-- This site is optimized with the Yoast SEO plugin v27.5 - https:\/\/yoast.com\/product\/yoast-seo-wordpress\/ -->\n<title>O Evangelho secreto da Virgem Maria<\/title>\n<meta name=\"robots\" content=\"index, follow, max-snippet:-1, max-image-preview:large, max-video-preview:-1\" \/>\n<link rel=\"canonical\" href=\"https:\/\/santuariodosameiro.pt\/loja\/produto\/livros\/instrumentos-pastorais\/o-evangelho-secreto-da-virgem-maria\/\" \/>\n<meta property=\"og:locale\" content=\"pt_PT\" \/>\n<meta property=\"og:type\" content=\"article\" \/>\n<meta property=\"og:title\" content=\"O Evangelho secreto da Virgem Maria\" \/>\n<meta property=\"og:url\" content=\"https:\/\/santuariodosameiro.pt\/loja\/produto\/livros\/instrumentos-pastorais\/o-evangelho-secreto-da-virgem-maria\/\" \/>\n<meta property=\"og:site_name\" content=\"Loja oficial do Santu\u00e1rio do Sameiro\" \/>\n<meta property=\"article:modified_time\" content=\"2026-04-20T14:26:32+00:00\" \/>\n<meta property=\"og:image\" content=\"https:\/\/santuariodosameiro.pt\/loja\/wp-content\/uploads\/2025\/09\/012-502-2186-O-evangelho-secreto-da-virgem-Maria-Santuario-do-Sameiro-Braga-Portugal.jpg\" \/>\n\t<meta property=\"og:image:width\" content=\"1000\" \/>\n\t<meta property=\"og:image:height\" content=\"1000\" \/>\n\t<meta property=\"og:image:type\" content=\"image\/jpeg\" \/>\n<meta name=\"twitter:card\" content=\"summary_large_image\" \/>\n<meta name=\"twitter:label1\" content=\"Tempo estimado de leitura\" \/>\n\t<meta name=\"twitter:data1\" content=\"1 minuto\" \/>\n<script type=\"application\/ld+json\" class=\"yoast-schema-graph\">{\"@context\":\"https:\\\/\\\/schema.org\",\"@graph\":[{\"@type\":\"WebPage\",\"@id\":\"https:\\\/\\\/santuariodosameiro.pt\\\/loja\\\/produto\\\/livros\\\/instrumentos-pastorais\\\/o-evangelho-secreto-da-virgem-maria\\\/\",\"url\":\"https:\\\/\\\/santuariodosameiro.pt\\\/loja\\\/produto\\\/livros\\\/instrumentos-pastorais\\\/o-evangelho-secreto-da-virgem-maria\\\/\",\"name\":\"O Evangelho secreto da Virgem Maria\",\"isPartOf\":{\"@id\":\"https:\\\/\\\/santuariodosameiro.pt\\\/loja\\\/#website\"},\"primaryImageOfPage\":{\"@id\":\"https:\\\/\\\/santuariodosameiro.pt\\\/loja\\\/produto\\\/livros\\\/instrumentos-pastorais\\\/o-evangelho-secreto-da-virgem-maria\\\/#primaryimage\"},\"image\":{\"@id\":\"https:\\\/\\\/santuariodosameiro.pt\\\/loja\\\/produto\\\/livros\\\/instrumentos-pastorais\\\/o-evangelho-secreto-da-virgem-maria\\\/#primaryimage\"},\"thumbnailUrl\":\"https:\\\/\\\/santuariodosameiro.pt\\\/loja\\\/wp-content\\\/uploads\\\/2025\\\/09\\\/012-502-2186-O-evangelho-secreto-da-virgem-Maria-Santuario-do-Sameiro-Braga-Portugal.jpg\",\"datePublished\":\"2025-09-19T09:18:30+00:00\",\"dateModified\":\"2026-04-20T14:26:32+00:00\",\"breadcrumb\":{\"@id\":\"https:\\\/\\\/santuariodosameiro.pt\\\/loja\\\/produto\\\/livros\\\/instrumentos-pastorais\\\/o-evangelho-secreto-da-virgem-maria\\\/#breadcrumb\"},\"inLanguage\":\"pt-PT\",\"potentialAction\":[{\"@type\":\"ReadAction\",\"target\":[\"https:\\\/\\\/santuariodosameiro.pt\\\/loja\\\/produto\\\/livros\\\/instrumentos-pastorais\\\/o-evangelho-secreto-da-virgem-maria\\\/\"]}]},{\"@type\":\"ImageObject\",\"inLanguage\":\"pt-PT\",\"@id\":\"https:\\\/\\\/santuariodosameiro.pt\\\/loja\\\/produto\\\/livros\\\/instrumentos-pastorais\\\/o-evangelho-secreto-da-virgem-maria\\\/#primaryimage\",\"url\":\"https:\\\/\\\/santuariodosameiro.pt\\\/loja\\\/wp-content\\\/uploads\\\/2025\\\/09\\\/012-502-2186-O-evangelho-secreto-da-virgem-Maria-Santuario-do-Sameiro-Braga-Portugal.jpg\",\"contentUrl\":\"https:\\\/\\\/santuariodosameiro.pt\\\/loja\\\/wp-content\\\/uploads\\\/2025\\\/09\\\/012-502-2186-O-evangelho-secreto-da-virgem-Maria-Santuario-do-Sameiro-Braga-Portugal.jpg\",\"width\":1000,\"height\":1000},{\"@type\":\"BreadcrumbList\",\"@id\":\"https:\\\/\\\/santuariodosameiro.pt\\\/loja\\\/produto\\\/livros\\\/instrumentos-pastorais\\\/o-evangelho-secreto-da-virgem-maria\\\/#breadcrumb\",\"itemListElement\":[{\"@type\":\"ListItem\",\"position\":1,\"name\":\"In\u00edcio\",\"item\":\"https:\\\/\\\/santuariodosameiro.pt\\\/loja\\\/\"},{\"@type\":\"ListItem\",\"position\":2,\"name\":\"Loja\",\"item\":\"https:\\\/\\\/santuariodosameiro.pt\\\/loja\\\/loja\\\/\"},{\"@type\":\"ListItem\",\"position\":3,\"name\":\"O Evangelho secreto da Virgem Maria\"}]},{\"@type\":\"WebSite\",\"@id\":\"https:\\\/\\\/santuariodosameiro.pt\\\/loja\\\/#website\",\"url\":\"https:\\\/\\\/santuariodosameiro.pt\\\/loja\\\/\",\"name\":\"Loja oficial do Santu\u00e1rio do Sameiro\",\"description\":\"Recorda\u00e7\u00f5es com imagem de Nossa Senhora do Sameiro e do Santu\u00e1rio do Sameiro.\",\"potentialAction\":[{\"@type\":\"SearchAction\",\"target\":{\"@type\":\"EntryPoint\",\"urlTemplate\":\"https:\\\/\\\/santuariodosameiro.pt\\\/loja\\\/?s={search_term_string}\"},\"query-input\":{\"@type\":\"PropertyValueSpecification\",\"valueRequired\":true,\"valueName\":\"search_term_string\"}}],\"inLanguage\":\"pt-PT\"}]}<\/script>\n<!-- \/ Yoast SEO plugin. -->","yoast_head_json":{"title":"O Evangelho secreto da Virgem Maria","robots":{"index":"index","follow":"follow","max-snippet":"max-snippet:-1","max-image-preview":"max-image-preview:large","max-video-preview":"max-video-preview:-1"},"canonical":"https:\/\/santuariodosameiro.pt\/loja\/produto\/livros\/instrumentos-pastorais\/o-evangelho-secreto-da-virgem-maria\/","og_locale":"pt_PT","og_type":"article","og_title":"O Evangelho secreto da Virgem Maria","og_url":"https:\/\/santuariodosameiro.pt\/loja\/produto\/livros\/instrumentos-pastorais\/o-evangelho-secreto-da-virgem-maria\/","og_site_name":"Loja oficial do Santu\u00e1rio do Sameiro","article_modified_time":"2026-04-20T14:26:32+00:00","og_image":[{"width":1000,"height":1000,"url":"https:\/\/santuariodosameiro.pt\/loja\/wp-content\/uploads\/2025\/09\/012-502-2186-O-evangelho-secreto-da-virgem-Maria-Santuario-do-Sameiro-Braga-Portugal.jpg","type":"image\/jpeg"}],"twitter_card":"summary_large_image","twitter_misc":{"Tempo estimado de leitura":"1 minuto"},"schema":{"@context":"https:\/\/schema.org","@graph":[{"@type":"WebPage","@id":"https:\/\/santuariodosameiro.pt\/loja\/produto\/livros\/instrumentos-pastorais\/o-evangelho-secreto-da-virgem-maria\/","url":"https:\/\/santuariodosameiro.pt\/loja\/produto\/livros\/instrumentos-pastorais\/o-evangelho-secreto-da-virgem-maria\/","name":"O Evangelho secreto da Virgem Maria","isPartOf":{"@id":"https:\/\/santuariodosameiro.pt\/loja\/#website"},"primaryImageOfPage":{"@id":"https:\/\/santuariodosameiro.pt\/loja\/produto\/livros\/instrumentos-pastorais\/o-evangelho-secreto-da-virgem-maria\/#primaryimage"},"image":{"@id":"https:\/\/santuariodosameiro.pt\/loja\/produto\/livros\/instrumentos-pastorais\/o-evangelho-secreto-da-virgem-maria\/#primaryimage"},"thumbnailUrl":"https:\/\/santuariodosameiro.pt\/loja\/wp-content\/uploads\/2025\/09\/012-502-2186-O-evangelho-secreto-da-virgem-Maria-Santuario-do-Sameiro-Braga-Portugal.jpg","datePublished":"2025-09-19T09:18:30+00:00","dateModified":"2026-04-20T14:26:32+00:00","breadcrumb":{"@id":"https:\/\/santuariodosameiro.pt\/loja\/produto\/livros\/instrumentos-pastorais\/o-evangelho-secreto-da-virgem-maria\/#breadcrumb"},"inLanguage":"pt-PT","potentialAction":[{"@type":"ReadAction","target":["https:\/\/santuariodosameiro.pt\/loja\/produto\/livros\/instrumentos-pastorais\/o-evangelho-secreto-da-virgem-maria\/"]}]},{"@type":"ImageObject","inLanguage":"pt-PT","@id":"https:\/\/santuariodosameiro.pt\/loja\/produto\/livros\/instrumentos-pastorais\/o-evangelho-secreto-da-virgem-maria\/#primaryimage","url":"https:\/\/santuariodosameiro.pt\/loja\/wp-content\/uploads\/2025\/09\/012-502-2186-O-evangelho-secreto-da-virgem-Maria-Santuario-do-Sameiro-Braga-Portugal.jpg","contentUrl":"https:\/\/santuariodosameiro.pt\/loja\/wp-content\/uploads\/2025\/09\/012-502-2186-O-evangelho-secreto-da-virgem-Maria-Santuario-do-Sameiro-Braga-Portugal.jpg","width":1000,"height":1000},{"@type":"BreadcrumbList","@id":"https:\/\/santuariodosameiro.pt\/loja\/produto\/livros\/instrumentos-pastorais\/o-evangelho-secreto-da-virgem-maria\/#breadcrumb","itemListElement":[{"@type":"ListItem","position":1,"name":"In\u00edcio","item":"https:\/\/santuariodosameiro.pt\/loja\/"},{"@type":"ListItem","position":2,"name":"Loja","item":"https:\/\/santuariodosameiro.pt\/loja\/loja\/"},{"@type":"ListItem","position":3,"name":"O Evangelho secreto da Virgem Maria"}]},{"@type":"WebSite","@id":"https:\/\/santuariodosameiro.pt\/loja\/#website","url":"https:\/\/santuariodosameiro.pt\/loja\/","name":"Loja oficial do Santu\u00e1rio do Sameiro","description":"Recorda\u00e7\u00f5es com imagem de Nossa Senhora do Sameiro e do Santu\u00e1rio do Sameiro.","potentialAction":[{"@type":"SearchAction","target":{"@type":"EntryPoint","urlTemplate":"https:\/\/santuariodosameiro.pt\/loja\/?s={search_term_string}"},"query-input":{"@type":"PropertyValueSpecification","valueRequired":true,"valueName":"search_term_string"}}],"inLanguage":"pt-PT"}]}},"wcol_rules":[],"jetpack-related-posts":[],"jetpack_sharing_enabled":true,"_links":{"self":[{"href":"https:\/\/santuariodosameiro.pt\/loja\/wp-json\/wp\/v2\/product\/24519","targetHints":{"allow":["GET"]}}],"collection":[{"href":"https:\/\/santuariodosameiro.pt\/loja\/wp-json\/wp\/v2\/product"}],"about":[{"href":"https:\/\/santuariodosameiro.pt\/loja\/wp-json\/wp\/v2\/types\/product"}],"wp:featuredmedia":[{"embeddable":true,"href":"https:\/\/santuariodosameiro.pt\/loja\/wp-json\/wp\/v2\/media\/24520"}],"wp:attachment":[{"href":"https:\/\/santuariodosameiro.pt\/loja\/wp-json\/wp\/v2\/media?parent=24519"}],"wp:term":[{"taxonomy":"product_brand","embeddable":true,"href":"https:\/\/santuariodosameiro.pt\/loja\/wp-json\/wp\/v2\/product_brand?post=24519"},{"taxonomy":"product_cat","embeddable":true,"href":"https:\/\/santuariodosameiro.pt\/loja\/wp-json\/wp\/v2\/product_cat?post=24519"},{"taxonomy":"product_tag","embeddable":true,"href":"https:\/\/santuariodosameiro.pt\/loja\/wp-json\/wp\/v2\/product_tag?post=24519"}],"curies":[{"name":"wp","href":"https:\/\/api.w.org\/{rel}","templated":true}]}}